{"id":9878,"date":"2024-01-31T09:52:37","date_gmt":"2024-01-31T12:52:37","guid":{"rendered":"https:\/\/renatamonicaviagens.com.br\/?page_id=9878"},"modified":"2024-01-31T10:02:59","modified_gmt":"2024-01-31T13:02:59","slug":"politica-de-privacidade","status":"publish","type":"page","link":"https:\/\/riccaviagens.com.br\/es\/politica-de-privacidade\/","title":{"rendered":"Pol\u00edtica de privacidad"},"content":{"rendered":"<div data-elementor-type=\"wp-page\" data-elementor-id=\"9878\" class=\"elementor elementor-9878\" data-elementor-post-type=\"page\">\n\t\t\t\t\t\t<section class=\"elementor-section elementor-top-section elementor-element elementor-element-2e940a8 elementor-section-boxed elementor-section-height-default elementor-section-height-default\" data-id=\"2e940a8\" data-element_type=\"section\" data-e-type=\"section\" data-settings=\"{&quot;background_background&quot;:&quot;classic&quot;}\">\n\t\t\t\t\t\t\t<div class=\"elementor-background-overlay\"><\/div>\n\t\t\t\t\t\t\t<div class=\"elementor-container elementor-column-gap-no\">\n\t\t\t\t\t<div class=\"elementor-column elementor-col-100 elementor-top-column elementor-element elementor-element-14bc2ed\" data-id=\"14bc2ed\" data-element_type=\"column\" data-e-type=\"column\">\n\t\t\t<div class=\"elementor-widget-wrap elementor-element-populated\">\n\t\t\t\t\t\t<section class=\"elementor-section elementor-inner-section elementor-element elementor-element-4b1764e elementor-section-boxed elementor-section-height-default elementor-section-height-default\" data-id=\"4b1764e\" data-element_type=\"section\" data-e-type=\"section\">\n\t\t\t\t\t\t<div class=\"elementor-container elementor-column-gap-no\">\n\t\t\t\t\t<div class=\"elementor-column elementor-col-100 elementor-inner-column elementor-element elementor-element-42e5923\" data-id=\"42e5923\" data-element_type=\"column\" data-e-type=\"column\">\n\t\t\t<div class=\"elementor-widget-wrap elementor-element-populated\">\n\t\t\t\t\t\t<div class=\"elementor-element elementor-element-26e4265 elementor-icon-list--layout-inline elementor-widget__width-auto elementor-list-item-link-full_width elementor-widget elementor-widget-icon-list\" data-id=\"26e4265\" data-element_type=\"widget\" data-e-type=\"widget\" data-widget_type=\"icon-list.default\">\n\t\t\t\t<div class=\"elementor-widget-container\">\n\t\t\t\t\t\t\t<ul class=\"elementor-icon-list-items elementor-inline-items\">\n\t\t\t\t\t\t\t<li class=\"elementor-icon-list-item elementor-inline-item\">\n\t\t\t\t\t\t\t\t\t\t<span class=\"elementor-icon-list-text\">Hogar<\/span>\n\t\t\t\t\t\t\t\t\t<\/li>\n\t\t\t\t\t\t\t\t<li class=\"elementor-icon-list-item elementor-inline-item\">\n\t\t\t\t\t\t\t\t\t\t\t<span class=\"elementor-icon-list-icon\">\n\t\t\t\t\t\t\t<svg aria-hidden=\"true\" class=\"e-font-icon-svg e-fas-chevron-circle-right\" viewbox=\"0 0 512 512\" xmlns=\"http:\/\/www.w3.org\/2000\/svg\"><path d=\"M256 8c137 0 248 111 248 248S393 504 256 504 8 393 8 256 119 8 256 8zm113.9 231L234.4 103.5c-9.4-9.4-24.6-9.4-33.9 0l-17 17c-9.4 9.4-9.4 24.6 0 33.9L285.1 256 183.5 357.6c-9.4 9.4-9.4 24.6 0 33.9l17 17c9.4 9.4 24.6 9.4 33.9 0L369.9 273c9.4-9.4 9.4-24.6 0-34z\"><\/path><\/svg>\t\t\t\t\t\t<\/span>\n\t\t\t\t\t\t\t\t\t\t<span class=\"elementor-icon-list-text\"><\/span>\n\t\t\t\t\t\t\t\t\t<\/li>\n\t\t\t\t\t\t<\/ul>\n\t\t\t\t\t\t<\/div>\n\t\t\t\t<\/div>\n\t\t\t\t\t<\/div>\n\t\t<\/div>\n\t\t\t\t\t<\/div>\n\t\t<\/section>\n\t\t\t\t\t<\/div>\n\t\t<\/div>\n\t\t\t\t\t<\/div>\n\t\t<\/section>\n\t\t\t\t<section class=\"elementor-section elementor-top-section elementor-element elementor-element-2a6e0acf elementor-section-boxed elementor-section-height-default elementor-section-height-default\" data-id=\"2a6e0acf\" data-element_type=\"section\" data-e-type=\"section\">\n\t\t\t\t\t\t<div class=\"elementor-container elementor-column-gap-no\">\n\t\t\t\t\t<div class=\"elementor-column elementor-col-100 elementor-top-column elementor-element elementor-element-5e42c996\" data-id=\"5e42c996\" data-element_type=\"column\" data-e-type=\"column\">\n\t\t\t<div class=\"elementor-widget-wrap elementor-element-populated\">\n\t\t\t\t\t\t<div class=\"elementor-element elementor-element-3b8cbed9 elementor-widget elementor-widget-text-editor\" data-id=\"3b8cbed9\" data-element_type=\"widget\" data-e-type=\"widget\" data-widget_type=\"text-editor.default\">\n\t\t\t\t<div class=\"elementor-widget-container\">\n\t\t\t\t\t\t\t\t\t\n<p>Renata M\u00f4nica Viagens, con sede en Rua Haroldo Cavalcanti 360, SL 305, Recreio, Rio de Janeiro\/RJ, CNPJ: 34.631.245\/0001-39, valora profundamente la privacidad de los usuarios de nuestro sitio web. Esta pol\u00edtica tiene como objetivo aclarar c\u00f3mo recopilamos, usamos, divulgamos y protegemos la informaci\u00f3n personal que usted proporciona cuando utiliza nuestros servicios en l\u00ednea.<\/p>\n<h5><strong>1. Recopilaci\u00f3n de informaci\u00f3n<\/strong><\/h5>\n<p>Renata M\u00f4nica Viagens recopila informaci\u00f3n personal exclusivamente a trav\u00e9s del formulario de contacto disponible en nuestro sitio web. La informaci\u00f3n solicitada incluye nombre, apellido y direcci\u00f3n de correo electr\u00f3nico. Hacemos hincapi\u00e9 en que no recopilamos informaci\u00f3n confidencial, como datos financieros o de tarjetas de cr\u00e9dito, ya que no ofrecemos transacciones financieras en l\u00ednea.<\/p>\n\n<p>Adem\u00e1s, utilizamos cookies para mejorar la experiencia del usuario y comprender c\u00f3mo se utiliza nuestro sitio web. Las cookies son peque\u00f1os archivos de texto almacenados en su dispositivo para brindar una experiencia m\u00e1s personalizada.<\/p>\n\n<h5><strong>2. Uso de la informaci\u00f3n<\/strong><\/h5>\n\n<p>La informaci\u00f3n recopilada se utiliza exclusivamente para los siguientes fines:<\/p>\n\n<ul class=\"wp-block-list\">\n<li>Responder a las consultas y solicitudes realizadas a trav\u00e9s del formulario de contacto.<\/li>\n\n<li>Personalice la experiencia del usuario y optimice el rendimiento del sitio web.<\/li>\n\n<li>Mejorar nuestros servicios y ofrecer contenido relevante.<\/li>\n<\/ul>\n\n<h5><strong>3. Intercambio de informaci\u00f3n<\/strong><\/h5>\n\n<p>Hacemos hincapi\u00e9 en que no compartimos, vendemos ni alquilamos su informaci\u00f3n personal a terceros. Su informaci\u00f3n s\u00f3lo es utilizada por Renata M\u00f4nica Viagens para los fines mencionados en esta pol\u00edtica.<\/p>\n\n<h5><strong>4. Galletas<\/strong><\/h5>\n\n<p>Al utilizar nuestro sitio web, acepta el uso de cookies. Las cookies nos permiten mejorar la funcionalidad y personalizaci\u00f3n del sitio web, as\u00ed como proporcionar m\u00e9tricas para el an\u00e1lisis del rendimiento. Si elige desactivar las cookies en su navegador, tenga en cuenta que esto puede afectar la funcionalidad del sitio web.<\/p>\n\n<h5><strong>5. Seguridad<\/strong><\/h5>\n\n<p>Implementamos estrictas medidas de seguridad para proteger su informaci\u00f3n personal contra acceso no autorizado, alteraci\u00f3n, divulgaci\u00f3n no autorizada o destrucci\u00f3n.<\/p>\n\n<h5><strong>6. Cambios en la Pol\u00edtica de Privacidad<\/strong><\/h5>\n\n<p>Renata M\u00f4nica Viagens se reserva el derecho de actualizar esta pol\u00edtica de privacidad en cualquier momento. Recomendamos que los usuarios revisen peri\u00f3dicamente la informaci\u00f3n aqu\u00ed contenida para estar al tanto de c\u00f3mo estamos protegiendo su informaci\u00f3n.<\/p>\n\n<h5><strong>7. Contacto<\/strong><\/h5>\n\n<p>Si tiene alguna pregunta sobre esta pol\u00edtica de privacidad o para solicitar la eliminaci\u00f3n de su informaci\u00f3n de nuestros registros, comun\u00edquese con nosotros mediante el formulario disponible en nuestro sitio web o por correo electr\u00f3nico. <a href=\"mailto:contato@renatamonicaviagens.com.br\">contato@renatamonicaviagens.com.br<\/a>.<\/p>\n\n<p>Esta pol\u00edtica de privacidad entra en vigor a partir del 1 de febrero de 2024.<\/p>\n\n<p>\u00daltima actualizaci\u00f3n: 31 de enero de 2024.<\/p>\n\t\t\t\t\t\t\t\t<\/div>\n\t\t\t\t<\/div>\n\t\t\t\t\t<\/div>\n\t\t<\/div>\n\t\t\t\t\t<\/div>\n\t\t<\/section>\n\t\t\t\t<\/div>","protected":false},"excerpt":{"rendered":"<p>Home A Renata M\u00f4nica Viagens, localizada na Rua Haroldo Cavalcanti 360, SL 305, Recreio, Rio de Janeiro\/RJ, CNPJ: 34.631.245\/0001-39, valoriza profundamente a privacidade dos usu\u00e1rios de nosso site. Esta pol\u00edtica tem como objetivo esclarecer como coletamos, utilizamos, divulgamos e protegemos as informa\u00e7\u00f5es pessoais fornecidas durante a utiliza\u00e7\u00e3o de nossos servi\u00e7os online. 1. Coleta de Informa\u00e7\u00f5es [&hellip;]<\/p>\n","protected":false},"author":1,"featured_media":0,"parent":0,"menu_order":0,"comment_status":"closed","ping_status":"closed","template":"","meta":{"_acf_changed":false,"footnotes":""},"class_list":["post-9878","page","type-page","status-publish","hentry"],"acf":[],"aioseo_notices":[],"_links":{"self":[{"href":"https:\/\/riccaviagens.com.br\/es\/wp-json\/wp\/v2\/pages\/9878","targetHints":{"allow":["GET"]}}],"collection":[{"href":"https:\/\/riccaviagens.com.br\/es\/wp-json\/wp\/v2\/pages"}],"about":[{"href":"https:\/\/riccaviagens.com.br\/es\/wp-json\/wp\/v2\/types\/page"}],"author":[{"embeddable":true,"href":"https:\/\/riccaviagens.com.br\/es\/wp-json\/wp\/v2\/users\/1"}],"replies":[{"embeddable":true,"href":"https:\/\/riccaviagens.com.br\/es\/wp-json\/wp\/v2\/comments?post=9878"}],"version-history":[{"count":8,"href":"https:\/\/riccaviagens.com.br\/es\/wp-json\/wp\/v2\/pages\/9878\/revisions"}],"predecessor-version":[{"id":9887,"href":"https:\/\/riccaviagens.com.br\/es\/wp-json\/wp\/v2\/pages\/9878\/revisions\/9887"}],"wp:attachment":[{"href":"https:\/\/riccaviagens.com.br\/es\/wp-json\/wp\/v2\/media?parent=9878"}],"curies":[{"name":"gracias","href":"https:\/\/api.w.org\/{rel}","templated":true}]}}