{"id":9496,"date":"2024-01-18T10:41:34","date_gmt":"2024-01-18T13:41:34","guid":{"rendered":"https:\/\/renatamonicaviagens.com.br\/?page_id=9496"},"modified":"2025-09-15T21:40:22","modified_gmt":"2025-09-16T00:40:22","slug":"aluguel-de-veiculos","status":"publish","type":"page","link":"https:\/\/riccaviagens.com.br\/es\/aluguel-de-veiculos\/","title":{"rendered":"Alquiler de veh\u00edculos"},"content":{"rendered":"<div data-elementor-type=\"wp-page\" data-elementor-id=\"9496\" class=\"elementor elementor-9496\" data-elementor-post-type=\"page\">\n\t\t\t\t\t\t<section class=\"elementor-section elementor-top-section elementor-element elementor-element-43291e8 elementor-section-height-min-height elementor-section-content-space-between elementor-section-boxed elementor-section-height-default elementor-section-items-middle\" data-id=\"43291e8\" data-element_type=\"section\" data-e-type=\"section\" data-settings=\"{&quot;background_background&quot;:&quot;classic&quot;}\">\n\t\t\t\t\t\t<div class=\"elementor-container elementor-column-gap-no\">\n\t\t\t\t\t<div class=\"elementor-column elementor-col-50 elementor-top-column elementor-element elementor-element-eaedaa0\" data-id=\"eaedaa0\" data-element_type=\"column\" data-e-type=\"column\">\n\t\t\t<div class=\"elementor-widget-wrap elementor-element-populated\">\n\t\t\t\t\t\t<div class=\"elementor-element elementor-element-3210142 elementor-widget elementor-widget-html\" data-id=\"3210142\" data-element_type=\"widget\" data-e-type=\"widget\" data-widget_type=\"html.default\">\n\t\t\t\t<div class=\"elementor-widget-container\">\n\t\t\t\t\t<iframe src=\"https:\/\/subsite.agentcars.com\/pt\/site\/form-iframe?agency=RENATA-MONICA-VIAGENS&form=1\" width=\"100%\" height=\"630px\" :key=\"formSelected\" scrolling=\"no\">Su navegador no soporta iframes<\/iframe>\r\n\t\t\t\t<\/div>\n\t\t\t\t<\/div>\n\t\t\t\t\t<\/div>\n\t\t<\/div>\n\t\t\t\t<div class=\"elementor-column elementor-col-50 elementor-top-column elementor-element elementor-element-4a0caea elementor-hidden-tablet elementor-hidden-mobile\" data-id=\"4a0caea\" data-element_type=\"column\" data-e-type=\"column\">\n\t\t\t<div class=\"elementor-widget-wrap\">\n\t\t\t\t\t\t\t<\/div>\n\t\t<\/div>\n\t\t\t\t\t<\/div>\n\t\t<\/section>\n\t\t\t\t<section class=\"elementor-section elementor-top-section elementor-element elementor-element-f78395c elementor-section-boxed elementor-section-height-default elementor-section-height-default\" data-id=\"f78395c\" data-element_type=\"section\" data-e-type=\"section\">\n\t\t\t\t\t\t<div class=\"elementor-container elementor-column-gap-no\">\n\t\t\t\t\t<div class=\"elementor-column elementor-col-100 elementor-top-column elementor-element elementor-element-8171cfd\" data-id=\"8171cfd\" data-element_type=\"column\" data-e-type=\"column\">\n\t\t\t<div class=\"elementor-widget-wrap elementor-element-populated\">\n\t\t\t\t\t\t<div class=\"elementor-element elementor-element-380f53b elementor-widget elementor-widget-image\" data-id=\"380f53b\" data-element_type=\"widget\" data-e-type=\"widget\" data-widget_type=\"image.default\">\n\t\t\t\t<div class=\"elementor-widget-container\">\n\t\t\t\t\t\t\t\t\t\t\t\t\t\t\t<img fetchpriority=\"high\" decoding=\"async\" width=\"1300\" height=\"302\" src=\"https:\/\/riccaviagens.com.br\/wp-content\/uploads\/2024\/01\/car-rental-vehicle-loan-van-rent-a-car-0763db472dddd3d5cc9a77ffd1a10459.png\" class=\"attachment-full size-full wp-image-9536\" alt=\"\" srcset=\"https:\/\/riccaviagens.com.br\/wp-content\/uploads\/2024\/01\/car-rental-vehicle-loan-van-rent-a-car-0763db472dddd3d5cc9a77ffd1a10459.png 1300w, https:\/\/riccaviagens.com.br\/wp-content\/uploads\/2024\/01\/car-rental-vehicle-loan-van-rent-a-car-0763db472dddd3d5cc9a77ffd1a10459-300x70.png 300w, https:\/\/riccaviagens.com.br\/wp-content\/uploads\/2024\/01\/car-rental-vehicle-loan-van-rent-a-car-0763db472dddd3d5cc9a77ffd1a10459-1024x238.png 1024w, https:\/\/riccaviagens.com.br\/wp-content\/uploads\/2024\/01\/car-rental-vehicle-loan-van-rent-a-car-0763db472dddd3d5cc9a77ffd1a10459-768x178.png 768w\" sizes=\"(max-width: 1300px) 100vw, 1300px\" \/>\t\t\t\t\t\t\t\t\t\t\t\t\t\t\t<\/div>\n\t\t\t\t<\/div>\n\t\t\t\t<div class=\"elementor-element elementor-element-2b0df6b elementor-widget elementor-widget-heading\" data-id=\"2b0df6b\" data-element_type=\"widget\" data-e-type=\"widget\" data-widget_type=\"heading.default\">\n\t\t\t\t<div class=\"elementor-widget-container\">\n\t\t\t\t\t<h2 class=\"elementor-heading-title elementor-size-default\">\u00a1El alquiler de veh\u00edculos es con Ricca Viagens!<\/h2>\t\t\t\t<\/div>\n\t\t\t\t<\/div>\n\t\t\t\t<div class=\"elementor-element elementor-element-d629eb0 elementor-widget elementor-widget-image\" data-id=\"d629eb0\" data-element_type=\"widget\" data-e-type=\"widget\" data-widget_type=\"image.default\">\n\t\t\t\t<div class=\"elementor-widget-container\">\n\t\t\t\t\t\t\t\t\t\t\t\t\t\t\t<img decoding=\"async\" src=\"https:\/\/lh3.googleusercontent.com\/proxy\/y_ZyZ_zkqPoEM_bb9rPQuqn49e39ZdCfevEkqRqjr6In0R6cTGnTRd3B2EWaDADBt6K2FokVV4MZd8UhWxEtoEII8qn_KGivulu41_HaZfHgPVKvSTd1xw\" title=\"\" alt=\"\" loading=\"lazy\" \/>\t\t\t\t\t\t\t\t\t\t\t\t\t\t\t<\/div>\n\t\t\t\t<\/div>\n\t\t\t\t<div class=\"elementor-element elementor-element-00b53b5 elementor-widget elementor-widget-text-editor\" data-id=\"00b53b5\" data-element_type=\"widget\" data-e-type=\"widget\" data-widget_type=\"text-editor.default\">\n\t\t\t\t<div class=\"elementor-widget-container\">\n\t\t\t\t\t\t\t\t\t<p>En Ricca Viagens, entendemos que cada viaje es \u00fanico. En colaboraci\u00f3n con Agentcars, le ofrecemos la libertad de explorar destinos con comodidad y fiabilidad.<\/p><p>Elija entre una variedad de veh\u00edculos, desde autos elegantes hasta SUV espaciosos. Nuestra asociaci\u00f3n garantiza una experiencia de alquiler perfecta para complementar su viaje. Reserva ahora y comienza tu viaje con tranquilidad y flexibilidad. \u00a1Tu destino, tus reglas, nuestra asociaci\u00f3n!<\/p>\t\t\t\t\t\t\t\t<\/div>\n\t\t\t\t<\/div>\n\t\t\t\t<div class=\"elementor-element elementor-element-00d765d elementor-widget elementor-widget-heading\" data-id=\"00d765d\" data-element_type=\"widget\" data-e-type=\"widget\" data-widget_type=\"heading.default\">\n\t\t\t\t<div class=\"elementor-widget-container\">\n\t\t\t\t\t<h2 class=\"elementor-heading-title elementor-size-default\">S\u00f3lo ofrecemos las mejores empresas de alquiler<\/h2>\t\t\t\t<\/div>\n\t\t\t\t<\/div>\n\t\t\t\t<div class=\"elementor-element elementor-element-25265a8 elementor-widget elementor-widget-image\" data-id=\"25265a8\" data-element_type=\"widget\" data-e-type=\"widget\" data-widget_type=\"image.default\">\n\t\t\t\t<div class=\"elementor-widget-container\">\n\t\t\t\t\t\t\t\t\t\t\t\t\t\t\t<img decoding=\"async\" width=\"1092\" height=\"23\" src=\"https:\/\/riccaviagens.com.br\/wp-content\/uploads\/2024\/01\/logos.1529cfe9.webp\" class=\"attachment-full size-full wp-image-9548\" alt=\"\" srcset=\"https:\/\/riccaviagens.com.br\/wp-content\/uploads\/2024\/01\/logos.1529cfe9.webp 1092w, https:\/\/riccaviagens.com.br\/wp-content\/uploads\/2024\/01\/logos.1529cfe9-300x6.webp 300w, https:\/\/riccaviagens.com.br\/wp-content\/uploads\/2024\/01\/logos.1529cfe9-1024x22.webp 1024w, https:\/\/riccaviagens.com.br\/wp-content\/uploads\/2024\/01\/logos.1529cfe9-768x16.webp 768w\" sizes=\"(max-width: 1092px) 100vw, 1092px\" \/>\t\t\t\t\t\t\t\t\t\t\t\t\t\t\t<\/div>\n\t\t\t\t<\/div>\n\t\t\t\t\t<\/div>\n\t\t<\/div>\n\t\t\t\t\t<\/div>\n\t\t<\/section>\n\t\t\t\t<\/div>","protected":false},"excerpt":{"rendered":"<p>Your browser does not support iframes Loca\u00e7\u00e3o de Ve\u00edculos \u00e9 com a Ricca Viagens! Na Ricca Viagens, entendemos que cada viagem \u00e9 \u00fanica. Em colabora\u00e7\u00e3o com a Agentcars, oferecemos a voc\u00ea a liberdade de explorar destinos com conforto e confiabilidade. Escolha entre uma variedade de ve\u00edculos, desde carros elegantes at\u00e9 espa\u00e7osas SUVs. Nossa parceria garante [&hellip;]<\/p>\n","protected":false},"author":1,"featured_media":0,"parent":0,"menu_order":0,"comment_status":"closed","ping_status":"closed","template":"","meta":{"_acf_changed":false,"footnotes":""},"class_list":["post-9496","page","type-page","status-publish","hentry"],"acf":[],"aioseo_notices":[],"_links":{"self":[{"href":"https:\/\/riccaviagens.com.br\/es\/wp-json\/wp\/v2\/pages\/9496","targetHints":{"allow":["GET"]}}],"collection":[{"href":"https:\/\/riccaviagens.com.br\/es\/wp-json\/wp\/v2\/pages"}],"about":[{"href":"https:\/\/riccaviagens.com.br\/es\/wp-json\/wp\/v2\/types\/page"}],"author":[{"embeddable":true,"href":"https:\/\/riccaviagens.com.br\/es\/wp-json\/wp\/v2\/users\/1"}],"replies":[{"embeddable":true,"href":"https:\/\/riccaviagens.com.br\/es\/wp-json\/wp\/v2\/comments?post=9496"}],"version-history":[{"count":4,"href":"https:\/\/riccaviagens.com.br\/es\/wp-json\/wp\/v2\/pages\/9496\/revisions"}],"predecessor-version":[{"id":11006,"href":"https:\/\/riccaviagens.com.br\/es\/wp-json\/wp\/v2\/pages\/9496\/revisions\/11006"}],"wp:attachment":[{"href":"https:\/\/riccaviagens.com.br\/es\/wp-json\/wp\/v2\/media?parent=9496"}],"curies":[{"name":"gracias","href":"https:\/\/api.w.org\/{rel}","templated":true}]}}