{"id":708,"date":"2024-01-09T10:04:20","date_gmt":"2024-01-09T13:04:20","guid":{"rendered":"https:\/\/renatamonicaviagens.com.br\/v2\/?page_id=708"},"modified":"2024-02-06T14:55:05","modified_gmt":"2024-02-06T17:55:05","slug":"blog","status":"publish","type":"page","link":"https:\/\/riccaviagens.com.br\/es\/blog\/","title":{"rendered":"Blog"},"content":{"rendered":"<div data-elementor-type=\"wp-page\" data-elementor-id=\"708\" class=\"elementor elementor-708\" data-elementor-post-type=\"page\">\n\t\t\t\t\t\t<section class=\"elementor-section elementor-top-section elementor-element elementor-element-416d7182 elementor-section-boxed elementor-section-height-default elementor-section-height-default\" data-id=\"416d7182\" data-element_type=\"section\" data-e-type=\"section\" data-settings=\"{&quot;background_background&quot;:&quot;classic&quot;}\">\n\t\t\t\t\t\t\t<div class=\"elementor-background-overlay\"><\/div>\n\t\t\t\t\t\t\t<div class=\"elementor-container elementor-column-gap-no\">\n\t\t\t\t\t<div class=\"elementor-column elementor-col-100 elementor-top-column elementor-element elementor-element-5c42b500\" data-id=\"5c42b500\" data-element_type=\"column\" data-e-type=\"column\">\n\t\t\t<div class=\"elementor-widget-wrap elementor-element-populated\">\n\t\t\t\t\t\t<section class=\"elementor-section elementor-inner-section elementor-element elementor-element-52ecfe11 elementor-section-boxed elementor-section-height-default elementor-section-height-default\" data-id=\"52ecfe11\" data-element_type=\"section\" data-e-type=\"section\">\n\t\t\t\t\t\t<div class=\"elementor-container elementor-column-gap-no\">\n\t\t\t\t\t<div class=\"elementor-column elementor-col-100 elementor-inner-column elementor-element elementor-element-58798059\" data-id=\"58798059\" data-element_type=\"column\" data-e-type=\"column\">\n\t\t\t<div class=\"elementor-widget-wrap elementor-element-populated\">\n\t\t\t\t\t\t<div class=\"elementor-element elementor-element-7c15317a elementor-icon-list--layout-inline elementor-widget__width-auto elementor-list-item-link-full_width elementor-widget elementor-widget-icon-list\" data-id=\"7c15317a\" data-element_type=\"widget\" data-e-type=\"widget\" data-widget_type=\"icon-list.default\">\n\t\t\t\t<div class=\"elementor-widget-container\">\n\t\t\t\t\t\t\t<ul class=\"elementor-icon-list-items elementor-inline-items\">\n\t\t\t\t\t\t\t<li class=\"elementor-icon-list-item elementor-inline-item\">\n\t\t\t\t\t\t\t\t\t\t<span class=\"elementor-icon-list-text\">Hogar<\/span>\n\t\t\t\t\t\t\t\t\t<\/li>\n\t\t\t\t\t\t\t\t<li class=\"elementor-icon-list-item elementor-inline-item\">\n\t\t\t\t\t\t\t\t\t\t\t<span class=\"elementor-icon-list-icon\">\n\t\t\t\t\t\t\t<svg aria-hidden=\"true\" class=\"e-font-icon-svg e-fas-chevron-circle-right\" viewbox=\"0 0 512 512\" xmlns=\"http:\/\/www.w3.org\/2000\/svg\"><path d=\"M256 8c137 0 248 111 248 248S393 504 256 504 8 393 8 256 119 8 256 8zm113.9 231L234.4 103.5c-9.4-9.4-24.6-9.4-33.9 0l-17 17c-9.4 9.4-9.4 24.6 0 33.9L285.1 256 183.5 357.6c-9.4 9.4-9.4 24.6 0 33.9l17 17c9.4 9.4 24.6 9.4 33.9 0L369.9 273c9.4-9.4 9.4-24.6 0-34z\"><\/path><\/svg>\t\t\t\t\t\t<\/span>\n\t\t\t\t\t\t\t\t\t\t<span class=\"elementor-icon-list-text\">Blog<\/span>\n\t\t\t\t\t\t\t\t\t<\/li>\n\t\t\t\t\t\t<\/ul>\n\t\t\t\t\t\t<\/div>\n\t\t\t\t<\/div>\n\t\t\t\t<div class=\"elementor-element elementor-element-64323752 elementor-widget elementor-widget-heading\" data-id=\"64323752\" data-element_type=\"widget\" data-e-type=\"widget\" data-widget_type=\"heading.default\">\n\t\t\t\t<div class=\"elementor-widget-container\">\n\t\t\t\t\t<h2 class=\"elementor-heading-title elementor-size-default\">Nuestros \u00faltimos art\u00edculos, noticias y consejos de viaje.<\/h2>\t\t\t\t<\/div>\n\t\t\t\t<\/div>\n\t\t\t\t\t<\/div>\n\t\t<\/div>\n\t\t\t\t\t<\/div>\n\t\t<\/section>\n\t\t\t\t\t<\/div>\n\t\t<\/div>\n\t\t\t\t\t<\/div>\n\t\t<\/section>\n\t\t\t\t<section class=\"elementor-section elementor-top-section elementor-element elementor-element-3a579cef elementor-section-boxed elementor-section-height-default elementor-section-height-default\" data-id=\"3a579cef\" data-element_type=\"section\" data-e-type=\"section\" data-settings=\"{&quot;background_background&quot;:&quot;classic&quot;}\">\n\t\t\t\t\t\t<div class=\"elementor-container elementor-column-gap-no\">\n\t\t\t\t\t<div class=\"elementor-column elementor-col-100 elementor-top-column elementor-element elementor-element-63a617c5\" data-id=\"63a617c5\" data-element_type=\"column\" data-e-type=\"column\">\n\t\t\t<div class=\"elementor-widget-wrap elementor-element-populated\">\n\t\t\t\t\t\t<div class=\"elementor-element elementor-element-69d72b11 elementor-widget elementor-widget-jkit_post_block\" data-id=\"69d72b11\" data-element_type=\"widget\" data-e-type=\"widget\" data-widget_type=\"jkit_post_block.default\">\n\t\t\t\t<div class=\"elementor-widget-container\">\n\t\t\t\t\t<div  class=\"jeg-elementor-kit jkit-postblock postblock-type-2 jkit-pagination-loadmore post-element jeg_module___69faff139974c\"  data-id=\"jeg_module___69faff139974c\" data-settings=\"{&quot;post_type&quot;:&quot;post&quot;,&quot;number_post&quot;:{&quot;unit&quot;:&quot;px&quot;,&quot;size&quot;:6,&quot;sizes&quot;:[]},&quot;post_offset&quot;:0,&quot;unique_content&quot;:&quot;disable&quot;,&quot;include_post&quot;:&quot;&quot;,&quot;exclude_post&quot;:&quot;&quot;,&quot;include_category&quot;:&quot;&quot;,&quot;exclude_category&quot;:&quot;&quot;,&quot;include_author&quot;:&quot;&quot;,&quot;include_tag&quot;:&quot;&quot;,&quot;exclude_tag&quot;:&quot;&quot;,&quot;destino&quot;:&quot;&quot;,&quot;tags&quot;:&quot;&quot;,&quot;categoria&quot;:&quot;&quot;,&quot;conteudo_pacote&quot;:&quot;&quot;,&quot;tiposdepacotes&quot;:&quot;&quot;,&quot;sort_by&quot;:&quot;latest&quot;,&quot;pagination_mode&quot;:&quot;loadmore&quot;,&quot;pagination_loadmore_text&quot;:&quot;Carregar Mais&quot;,&quot;pagination_loading_text&quot;:&quot;Carregando...&quot;,&quot;pagination_number_post&quot;:{&quot;unit&quot;:&quot;px&quot;,&quot;size&quot;:3,&quot;sizes&quot;:[]},&quot;pagination_scroll_limit&quot;:0,&quot;pagination_icon&quot;:{&quot;value&quot;:&quot;&quot;,&quot;library&quot;:&quot;&quot;},&quot;pagination_icon_position&quot;:&quot;before&quot;,&quot;st_category_position&quot;:&quot;center&quot;,&quot;sg_content_postblock_type&quot;:&quot;type-2&quot;,&quot;sg_content_element_order&quot;:&quot;title,meta,excerpt,read&quot;,&quot;sg_content_breakpoint&quot;:&quot;tablet&quot;,&quot;sg_content_title_html_tag&quot;:&quot;h3&quot;,&quot;sg_content_category_enable&quot;:&quot;&quot;,&quot;sg_content_excerpt_enable&quot;:&quot;yes&quot;,&quot;sg_content_excerpt_length&quot;:{&quot;unit&quot;:&quot;px&quot;,&quot;size&quot;:15,&quot;sizes&quot;:[]},&quot;sg_content_excerpt_more&quot;:&quot;...&quot;,&quot;sg_content_readmore_enable&quot;:&quot;yes&quot;,&quot;sg_content_readmore_icon&quot;:{&quot;value&quot;:&quot;fas fa-arrow-right&quot;,&quot;library&quot;:&quot;fa-solid&quot;},&quot;sg_content_readmore_icon_position&quot;:&quot;after&quot;,&quot;sg_content_readmore_text&quot;:&quot;Saiba Mais&quot;,&quot;sg_content_comment_enable&quot;:&quot;&quot;,&quot;sg_content_comment_icon&quot;:{&quot;value&quot;:&quot;fas fa-comment&quot;,&quot;library&quot;:&quot;fa-solid&quot;},&quot;sg_content_comment_icon_position&quot;:&quot;before&quot;,&quot;sg_content_meta_enable&quot;:&quot;&quot;,&quot;sg_content_meta_author_enable&quot;:&quot;yes&quot;,&quot;sg_content_meta_author_by_text&quot;:&quot;by&quot;,&quot;sg_content_meta_author_icon&quot;:{&quot;value&quot;:&quot;fas fa-user&quot;,&quot;library&quot;:&quot;fa-solid&quot;},&quot;sg_content_meta_author_icon_position&quot;:&quot;before&quot;,&quot;sg_content_meta_date_enable&quot;:&quot;yes&quot;,&quot;sg_content_meta_date_type&quot;:&quot;published&quot;,&quot;sg_content_meta_date_format&quot;:&quot;default&quot;,&quot;sg_content_meta_date_format_custom&quot;:&quot;F j, Y&quot;,&quot;sg_content_meta_date_icon&quot;:{&quot;value&quot;:&quot;fas fa-clock&quot;,&quot;library&quot;:&quot;fa-solid&quot;},&quot;sg_content_meta_date_icon_position&quot;:&quot;before&quot;,&quot;sg_content_image_size_imagesize_size&quot;:&quot;full&quot;,&quot;paged&quot;:1,&quot;class&quot;:&quot;jkit_post_block&quot;}\"><div class=\"jkit-block-container\"><div class=\"jkit-posts jkit-ajax-flag\">\n            <article class=\"jkit-post post-10386 post type-post status-publish format-standard has-post-thumbnail hentry category-blog category-travel\">\n                    <div class=\"jkit-thumb\"><a aria-label=\"Musas griegas: un viaje de 11 d\u00edas por Grecia\" href=\"https:\/\/riccaviagens.com.br\/es\/travel\/musas-gregas-uma-jornada-de-11-dias-pela-grecia\/\"><div class=\"thumbnail-container\">\n            <img loading=\"lazy\" decoding=\"async\" width=\"1000\" height=\"1000\" src=\"https:\/\/riccaviagens.com.br\/wp-content\/uploads\/2024\/07\/Sem-Titulo-1.png\" class=\"attachment-full size-full wp-post-image\" alt=\"\" srcset=\"https:\/\/riccaviagens.com.br\/wp-content\/uploads\/2024\/07\/Sem-Titulo-1.png 1000w, https:\/\/riccaviagens.com.br\/wp-content\/uploads\/2024\/07\/Sem-Titulo-1-300x300.png 300w, https:\/\/riccaviagens.com.br\/wp-content\/uploads\/2024\/07\/Sem-Titulo-1-150x150.png 150w, https:\/\/riccaviagens.com.br\/wp-content\/uploads\/2024\/07\/Sem-Titulo-1-768x768.png 768w, https:\/\/riccaviagens.com.br\/wp-content\/uploads\/2024\/07\/Sem-Titulo-1-12x12.png 12w\" sizes=\"auto, (max-width: 1000px) 100vw, 1000px\" \/>\n        <\/div><\/a><\/div>\n                    <div class=\"jkit-postblock-content\"><h3 class=\"jkit-post-title\">\n\t\t\t\t\t\t\t<a href=\"https:\/\/riccaviagens.com.br\/es\/travel\/musas-gregas-uma-jornada-de-11-dias-pela-grecia\/\">Musas griegas: un viaje de 11 d\u00edas por Grecia<\/a>\n\t\t\t\t\t\t<\/h3><div class=\"jkit-post-excerpt\"><p>Convierte tus sue\u00f1os en realidad, como Mar\u00eda Tereza, nuestra querida clienta de Ca\u00e7apava\/SP, que...<\/p><\/div><div class=\"jkit-post-meta-bottom\">\n\t\t\t\t\t\t\t<div class=\"jkit-meta-readmore icon-position-after\">\n                <a title=\"Musas griegas: un viaje de 11 d\u00edas por Grecia\" href=\"https:\/\/riccaviagens.com.br\/es\/travel\/musas-gregas-uma-jornada-de-11-dias-pela-grecia\/\" class=\"jkit-readmore\">Sepa mas<svg aria-hidden=\"true\" class=\"e-font-icon-svg e-fas-arrow-right\" viewbox=\"0 0 448 512\" xmlns=\"http:\/\/www.w3.org\/2000\/svg\"><path d=\"M190.5 66.9l22.2-22.2c9.4-9.4 24.6-9.4 33.9 0L441 239c9.4 9.4 9.4 24.6 0 33.9L246.6 467.3c-9.4 9.4-24.6 9.4-33.9 0l-22.2-22.2c-9.5-9.5-9.3-25 .4-34.3L311.4 296H24c-13.3 0-24-10.7-24-24v-32c0-13.3 10.7-24 24-24h287.4L190.9 101.2c-9.8-9.3-10-24.8-.4-34.3z\"><\/path><\/svg><\/a>\n            <\/div>\n\t\t\t\t\t\t<\/div><\/div>\n                <\/article><article class=\"jkit-post post-10186 post type-post status-publish format-standard has-post-thumbnail hentry category-blog\">\n                    <div class=\"jkit-thumb\"><a aria-label=\"Elegancia y tranquilidad: explorando Escocia e Irlanda\" href=\"https:\/\/riccaviagens.com.br\/es\/blog\/elegancia-e-tranquilidade-explorando-a-escocia-e-irlanda\/\"><div class=\"thumbnail-container\">\n            <img loading=\"lazy\" decoding=\"async\" width=\"2048\" height=\"923\" src=\"https:\/\/riccaviagens.com.br\/wp-content\/uploads\/2024\/06\/Imagem-do-WhatsApp-de-2024-06-18-as-17.25.47_29167ffe.jpg\" class=\"attachment-full size-full wp-post-image\" alt=\"\" srcset=\"https:\/\/riccaviagens.com.br\/wp-content\/uploads\/2024\/06\/Imagem-do-WhatsApp-de-2024-06-18-as-17.25.47_29167ffe.jpg 2048w, https:\/\/riccaviagens.com.br\/wp-content\/uploads\/2024\/06\/Imagem-do-WhatsApp-de-2024-06-18-as-17.25.47_29167ffe-300x135.jpg 300w, https:\/\/riccaviagens.com.br\/wp-content\/uploads\/2024\/06\/Imagem-do-WhatsApp-de-2024-06-18-as-17.25.47_29167ffe-1024x462.jpg 1024w, https:\/\/riccaviagens.com.br\/wp-content\/uploads\/2024\/06\/Imagem-do-WhatsApp-de-2024-06-18-as-17.25.47_29167ffe-768x346.jpg 768w, https:\/\/riccaviagens.com.br\/wp-content\/uploads\/2024\/06\/Imagem-do-WhatsApp-de-2024-06-18-as-17.25.47_29167ffe-1536x692.jpg 1536w, https:\/\/riccaviagens.com.br\/wp-content\/uploads\/2024\/06\/Imagem-do-WhatsApp-de-2024-06-18-as-17.25.47_29167ffe-18x8.jpg 18w\" sizes=\"auto, (max-width: 2048px) 100vw, 2048px\" \/>\n        <\/div><\/a><\/div>\n                    <div class=\"jkit-postblock-content\"><h3 class=\"jkit-post-title\">\n\t\t\t\t\t\t\t<a href=\"https:\/\/riccaviagens.com.br\/es\/blog\/elegancia-e-tranquilidade-explorando-a-escocia-e-irlanda\/\">Elegancia y tranquilidad: explorando Escocia e Irlanda<\/a>\n\t\t\t\t\t\t<\/h3><div class=\"jkit-post-excerpt\"><p>Nuestro itinerario exclusivo de 15 d\u00edas, especialmente planeado para nuestros valiosos clientes Sergio y Denise,...<\/p><\/div><div class=\"jkit-post-meta-bottom\">\n\t\t\t\t\t\t\t<div class=\"jkit-meta-readmore icon-position-after\">\n                <a title=\"Elegancia y tranquilidad: explorando Escocia e Irlanda\" href=\"https:\/\/riccaviagens.com.br\/es\/blog\/elegancia-e-tranquilidade-explorando-a-escocia-e-irlanda\/\" class=\"jkit-readmore\">Sepa mas<svg aria-hidden=\"true\" class=\"e-font-icon-svg e-fas-arrow-right\" viewbox=\"0 0 448 512\" xmlns=\"http:\/\/www.w3.org\/2000\/svg\"><path d=\"M190.5 66.9l22.2-22.2c9.4-9.4 24.6-9.4 33.9 0L441 239c9.4 9.4 9.4 24.6 0 33.9L246.6 467.3c-9.4 9.4-24.6 9.4-33.9 0l-22.2-22.2c-9.5-9.5-9.3-25 .4-34.3L311.4 296H24c-13.3 0-24-10.7-24-24v-32c0-13.3 10.7-24 24-24h287.4L190.9 101.2c-9.8-9.3-10-24.8-.4-34.3z\"><\/path><\/svg><\/a>\n            <\/div>\n\t\t\t\t\t\t<\/div><\/div>\n                <\/article><article class=\"jkit-post post-9407 post type-post status-publish format-standard has-post-thumbnail hentry category-ajuda\">\n                    <div class=\"jkit-thumb\"><a aria-label=\"manual del viajero\" href=\"https:\/\/riccaviagens.com.br\/es\/ajuda\/manual-do-viajante\/\"><div class=\"thumbnail-container\">\n            <img loading=\"lazy\" decoding=\"async\" width=\"2000\" height=\"1333\" src=\"https:\/\/riccaviagens.com.br\/wp-content\/uploads\/2023\/11\/couple-traveling-by-train.jpg\" class=\"attachment-full size-full wp-post-image\" alt=\"\" srcset=\"https:\/\/riccaviagens.com.br\/wp-content\/uploads\/2023\/11\/couple-traveling-by-train.jpg 2000w, https:\/\/riccaviagens.com.br\/wp-content\/uploads\/2023\/11\/couple-traveling-by-train-300x200.jpg 300w, https:\/\/riccaviagens.com.br\/wp-content\/uploads\/2023\/11\/couple-traveling-by-train-1024x682.jpg 1024w, https:\/\/riccaviagens.com.br\/wp-content\/uploads\/2023\/11\/couple-traveling-by-train-768x512.jpg 768w, https:\/\/riccaviagens.com.br\/wp-content\/uploads\/2023\/11\/couple-traveling-by-train-1536x1024.jpg 1536w\" sizes=\"auto, (max-width: 2000px) 100vw, 2000px\" \/>\n        <\/div><\/a><\/div>\n                    <div class=\"jkit-postblock-content\"><h3 class=\"jkit-post-title\">\n\t\t\t\t\t\t\t<a href=\"https:\/\/riccaviagens.com.br\/es\/ajuda\/manual-do-viajante\/\">manual del viajero<\/a>\n\t\t\t\t\t\t<\/h3><div class=\"jkit-post-excerpt\"><p>DOCUMENTOS REQUERIDOS PARA VIAJES INTERNACIONALES PRINCIPALES REQUISITOS Para emprender un viaje internacional es imprescindible estar...<\/p><\/div><div class=\"jkit-post-meta-bottom\">\n\t\t\t\t\t\t\t<div class=\"jkit-meta-readmore icon-position-after\">\n                <a title=\"manual del viajero\" href=\"https:\/\/riccaviagens.com.br\/es\/ajuda\/manual-do-viajante\/\" class=\"jkit-readmore\">Sepa mas<svg aria-hidden=\"true\" class=\"e-font-icon-svg e-fas-arrow-right\" viewbox=\"0 0 448 512\" xmlns=\"http:\/\/www.w3.org\/2000\/svg\"><path d=\"M190.5 66.9l22.2-22.2c9.4-9.4 24.6-9.4 33.9 0L441 239c9.4 9.4 9.4 24.6 0 33.9L246.6 467.3c-9.4 9.4-24.6 9.4-33.9 0l-22.2-22.2c-9.5-9.5-9.3-25 .4-34.3L311.4 296H24c-13.3 0-24-10.7-24-24v-32c0-13.3 10.7-24 24-24h287.4L190.9 101.2c-9.8-9.3-10-24.8-.4-34.3z\"><\/path><\/svg><\/a>\n            <\/div>\n\t\t\t\t\t\t<\/div><\/div>\n                <\/article><article class=\"jkit-post post-8827 post type-post status-publish format-standard has-post-thumbnail hentry category-blog\">\n                    <div class=\"jkit-thumb\"><a aria-label=\"\u00a1La experiencia perfecta te espera!\" href=\"https:\/\/riccaviagens.com.br\/es\/blog\/a-experiencia-perfeita-espera-por-voce\/\"><div class=\"thumbnail-container\">\n            <img loading=\"lazy\" decoding=\"async\" width=\"1920\" height=\"1080\" src=\"https:\/\/riccaviagens.com.br\/wp-content\/uploads\/2023\/11\/Sem-Titulo-2.png\" class=\"attachment-full size-full wp-post-image\" alt=\"\" srcset=\"https:\/\/riccaviagens.com.br\/wp-content\/uploads\/2023\/11\/Sem-Titulo-2.png 1920w, https:\/\/riccaviagens.com.br\/wp-content\/uploads\/2023\/11\/Sem-Titulo-2-300x169.png 300w, https:\/\/riccaviagens.com.br\/wp-content\/uploads\/2023\/11\/Sem-Titulo-2-1024x576.png 1024w, https:\/\/riccaviagens.com.br\/wp-content\/uploads\/2023\/11\/Sem-Titulo-2-768x432.png 768w, https:\/\/riccaviagens.com.br\/wp-content\/uploads\/2023\/11\/Sem-Titulo-2-1536x864.png 1536w\" sizes=\"auto, (max-width: 1920px) 100vw, 1920px\" \/>\n        <\/div><\/a><\/div>\n                    <div class=\"jkit-postblock-content\"><h3 class=\"jkit-post-title\">\n\t\t\t\t\t\t\t<a href=\"https:\/\/riccaviagens.com.br\/es\/blog\/a-experiencia-perfeita-espera-por-voce\/\">\u00a1La experiencia perfecta te espera!<\/a>\n\t\t\t\t\t\t<\/h3><div class=\"jkit-post-excerpt\"><p>Viajar en grupo puede ser una experiencia especial que brinda la oportunidad de explorar nuevos...<\/p><\/div><div class=\"jkit-post-meta-bottom\">\n\t\t\t\t\t\t\t<div class=\"jkit-meta-readmore icon-position-after\">\n                <a title=\"\u00a1La experiencia perfecta te espera!\" href=\"https:\/\/riccaviagens.com.br\/es\/blog\/a-experiencia-perfeita-espera-por-voce\/\" class=\"jkit-readmore\">Sepa mas<svg aria-hidden=\"true\" class=\"e-font-icon-svg e-fas-arrow-right\" viewbox=\"0 0 448 512\" xmlns=\"http:\/\/www.w3.org\/2000\/svg\"><path d=\"M190.5 66.9l22.2-22.2c9.4-9.4 24.6-9.4 33.9 0L441 239c9.4 9.4 9.4 24.6 0 33.9L246.6 467.3c-9.4 9.4-24.6 9.4-33.9 0l-22.2-22.2c-9.5-9.5-9.3-25 .4-34.3L311.4 296H24c-13.3 0-24-10.7-24-24v-32c0-13.3 10.7-24 24-24h287.4L190.9 101.2c-9.8-9.3-10-24.8-.4-34.3z\"><\/path><\/svg><\/a>\n            <\/div>\n\t\t\t\t\t\t<\/div><\/div>\n                <\/article><article class=\"jkit-post post-8778 post type-post status-publish format-standard has-post-thumbnail hentry category-blog\">\n                    <div class=\"jkit-thumb\"><a aria-label=\"Viaje seguro y personalizado: destinos para mujeres viajeras\" href=\"https:\/\/riccaviagens.com.br\/es\/blog\/jornada-segura-e-personalizada-destinos-para-mulheres-viajantes\/\"><div class=\"thumbnail-container\">\n            <img loading=\"lazy\" decoding=\"async\" width=\"2560\" height=\"1440\" src=\"https:\/\/riccaviagens.com.br\/wp-content\/uploads\/2023\/10\/sorrindo-jovem-sentado-no-topo-da-montanha-com-sua-mochila-scaled-1.jpg\" class=\"attachment-full size-full wp-post-image\" alt=\"\" srcset=\"https:\/\/riccaviagens.com.br\/wp-content\/uploads\/2023\/10\/sorrindo-jovem-sentado-no-topo-da-montanha-com-sua-mochila-scaled-1.jpg 2560w, https:\/\/riccaviagens.com.br\/wp-content\/uploads\/2023\/10\/sorrindo-jovem-sentado-no-topo-da-montanha-com-sua-mochila-scaled-1-300x169.jpg 300w, https:\/\/riccaviagens.com.br\/wp-content\/uploads\/2023\/10\/sorrindo-jovem-sentado-no-topo-da-montanha-com-sua-mochila-scaled-1-1024x576.jpg 1024w, https:\/\/riccaviagens.com.br\/wp-content\/uploads\/2023\/10\/sorrindo-jovem-sentado-no-topo-da-montanha-com-sua-mochila-scaled-1-768x432.jpg 768w, https:\/\/riccaviagens.com.br\/wp-content\/uploads\/2023\/10\/sorrindo-jovem-sentado-no-topo-da-montanha-com-sua-mochila-scaled-1-1536x864.jpg 1536w, https:\/\/riccaviagens.com.br\/wp-content\/uploads\/2023\/10\/sorrindo-jovem-sentado-no-topo-da-montanha-com-sua-mochila-scaled-1-2048x1152.jpg 2048w\" sizes=\"auto, (max-width: 2560px) 100vw, 2560px\" \/>\n        <\/div><\/a><\/div>\n                    <div class=\"jkit-postblock-content\"><h3 class=\"jkit-post-title\">\n\t\t\t\t\t\t\t<a href=\"https:\/\/riccaviagens.com.br\/es\/blog\/jornada-segura-e-personalizada-destinos-para-mulheres-viajantes\/\">Viaje seguro y personalizado: destinos para mujeres viajeras<\/a>\n\t\t\t\t\t\t<\/h3><div class=\"jkit-post-excerpt\"><p>Viajar sola siendo mujer puede ser un viaje emocionante, pero tambi\u00e9n conlleva desaf\u00edos. En...<\/p><\/div><div class=\"jkit-post-meta-bottom\">\n\t\t\t\t\t\t\t<div class=\"jkit-meta-readmore icon-position-after\">\n                <a title=\"Viaje seguro y personalizado: destinos para mujeres viajeras\" href=\"https:\/\/riccaviagens.com.br\/es\/blog\/jornada-segura-e-personalizada-destinos-para-mulheres-viajantes\/\" class=\"jkit-readmore\">Sepa mas<svg aria-hidden=\"true\" class=\"e-font-icon-svg e-fas-arrow-right\" viewbox=\"0 0 448 512\" xmlns=\"http:\/\/www.w3.org\/2000\/svg\"><path d=\"M190.5 66.9l22.2-22.2c9.4-9.4 24.6-9.4 33.9 0L441 239c9.4 9.4 9.4 24.6 0 33.9L246.6 467.3c-9.4 9.4-24.6 9.4-33.9 0l-22.2-22.2c-9.5-9.5-9.3-25 .4-34.3L311.4 296H24c-13.3 0-24-10.7-24-24v-32c0-13.3 10.7-24 24-24h287.4L190.9 101.2c-9.8-9.3-10-24.8-.4-34.3z\"><\/path><\/svg><\/a>\n            <\/div>\n\t\t\t\t\t\t<\/div><\/div>\n                <\/article><article class=\"jkit-post post-8341 post type-post status-publish format-standard has-post-thumbnail hentry category-blog tag-grupos tag-pacotes tag-passeios tag-viagens\">\n                    <div class=\"jkit-thumb\"><a aria-label=\"La diferencia que te mereces\" href=\"https:\/\/riccaviagens.com.br\/es\/blog\/o-diferencial-que-voce-merece\/\"><div class=\"thumbnail-container\">\n            <img loading=\"lazy\" decoding=\"async\" width=\"2560\" height=\"1707\" src=\"https:\/\/riccaviagens.com.br\/wp-content\/uploads\/2023\/10\/little-boy-sitting-on-the-meadow-with-toy-airplane-2022-06-10-06-47-39-utc-scaled-1.jpg\" class=\"attachment-full size-full wp-post-image\" alt=\"\" srcset=\"https:\/\/riccaviagens.com.br\/wp-content\/uploads\/2023\/10\/little-boy-sitting-on-the-meadow-with-toy-airplane-2022-06-10-06-47-39-utc-scaled-1.jpg 2560w, https:\/\/riccaviagens.com.br\/wp-content\/uploads\/2023\/10\/little-boy-sitting-on-the-meadow-with-toy-airplane-2022-06-10-06-47-39-utc-scaled-1-300x200.jpg 300w, https:\/\/riccaviagens.com.br\/wp-content\/uploads\/2023\/10\/little-boy-sitting-on-the-meadow-with-toy-airplane-2022-06-10-06-47-39-utc-scaled-1-1024x683.jpg 1024w, https:\/\/riccaviagens.com.br\/wp-content\/uploads\/2023\/10\/little-boy-sitting-on-the-meadow-with-toy-airplane-2022-06-10-06-47-39-utc-scaled-1-768x512.jpg 768w, https:\/\/riccaviagens.com.br\/wp-content\/uploads\/2023\/10\/little-boy-sitting-on-the-meadow-with-toy-airplane-2022-06-10-06-47-39-utc-scaled-1-1536x1024.jpg 1536w, https:\/\/riccaviagens.com.br\/wp-content\/uploads\/2023\/10\/little-boy-sitting-on-the-meadow-with-toy-airplane-2022-06-10-06-47-39-utc-scaled-1-2048x1366.jpg 2048w\" sizes=\"auto, (max-width: 2560px) 100vw, 2560px\" \/>\n        <\/div><\/a><\/div>\n                    <div class=\"jkit-postblock-content\"><h3 class=\"jkit-post-title\">\n\t\t\t\t\t\t\t<a href=\"https:\/\/riccaviagens.com.br\/es\/blog\/o-diferencial-que-voce-merece\/\">La diferencia que te mereces<\/a>\n\t\t\t\t\t\t<\/h3><div class=\"jkit-post-excerpt\"><p>A la hora de viajar, sabemos que cada persona es \u00fanica, con deseos, anhelos y\u2026<\/p><\/div><div class=\"jkit-post-meta-bottom\">\n\t\t\t\t\t\t\t<div class=\"jkit-meta-readmore icon-position-after\">\n                <a title=\"La diferencia que te mereces\" href=\"https:\/\/riccaviagens.com.br\/es\/blog\/o-diferencial-que-voce-merece\/\" class=\"jkit-readmore\">Sepa mas<svg aria-hidden=\"true\" class=\"e-font-icon-svg e-fas-arrow-right\" viewbox=\"0 0 448 512\" xmlns=\"http:\/\/www.w3.org\/2000\/svg\"><path d=\"M190.5 66.9l22.2-22.2c9.4-9.4 24.6-9.4 33.9 0L441 239c9.4 9.4 9.4 24.6 0 33.9L246.6 467.3c-9.4 9.4-24.6 9.4-33.9 0l-22.2-22.2c-9.5-9.5-9.3-25 .4-34.3L311.4 296H24c-13.3 0-24-10.7-24-24v-32c0-13.3 10.7-24 24-24h287.4L190.9 101.2c-9.8-9.3-10-24.8-.4-34.3z\"><\/path><\/svg><\/a>\n            <\/div>\n\t\t\t\t\t\t<\/div><\/div>\n                <\/article>\n        <\/div><\/div><div class=\"jkit-block-pagination jkit-align\"><button type=\"button\" class=\"jkit-pagination-button jkit-block-loadmore icon-position-before\"><span data-load=\"Carregar Mais\" data-loading=\"Carregando...\">Carga m\u00e1s<\/span><\/button><\/div><\/div>\t\t\t\t<\/div>\n\t\t\t\t<\/div>\n\t\t\t\t\t<\/div>\n\t\t<\/div>\n\t\t\t\t\t<\/div>\n\t\t<\/section>\n\t\t\t\t<\/div>","protected":false},"excerpt":{"rendered":"<p>Home Blog Nossos \u00faltimos artigos, not\u00edcias e dicas sobre viagens edit post Manual do Viajante DOCUMENTOS NECESS\u00c1RIOS PARA VIAGENS INTERNACIONAIS PRINCIPAIS EXIG\u00caNCIAS Para realizar uma viagem internacional, \u00e9 essencial estar&#8230; Saiba Mais edit post A Experi\u00eancia Perfeita Espera Por Voc\u00ea! Viajar em grupo pode ser uma experi\u00eancia especial que proporciona a oportunidade de explorar novos&#8230; [&hellip;]<\/p>\n","protected":false},"author":1,"featured_media":0,"parent":0,"menu_order":0,"comment_status":"closed","ping_status":"closed","template":"","meta":{"_acf_changed":false,"footnotes":""},"class_list":["post-708","page","type-page","status-publish","hentry"],"acf":[],"aioseo_notices":[],"_links":{"self":[{"href":"https:\/\/riccaviagens.com.br\/es\/wp-json\/wp\/v2\/pages\/708","targetHints":{"allow":["GET"]}}],"collection":[{"href":"https:\/\/riccaviagens.com.br\/es\/wp-json\/wp\/v2\/pages"}],"about":[{"href":"https:\/\/riccaviagens.com.br\/es\/wp-json\/wp\/v2\/types\/page"}],"author":[{"embeddable":true,"href":"https:\/\/riccaviagens.com.br\/es\/wp-json\/wp\/v2\/users\/1"}],"replies":[{"embeddable":true,"href":"https:\/\/riccaviagens.com.br\/es\/wp-json\/wp\/v2\/comments?post=708"}],"version-history":[{"count":3,"href":"https:\/\/riccaviagens.com.br\/es\/wp-json\/wp\/v2\/pages\/708\/revisions"}],"predecessor-version":[{"id":9919,"href":"https:\/\/riccaviagens.com.br\/es\/wp-json\/wp\/v2\/pages\/708\/revisions\/9919"}],"wp:attachment":[{"href":"https:\/\/riccaviagens.com.br\/es\/wp-json\/wp\/v2\/media?parent=708"}],"curies":[{"name":"gracias","href":"https:\/\/api.w.org\/{rel}","templated":true}]}}