{"id":659,"date":"2024-01-04T16:28:52","date_gmt":"2024-01-04T19:28:52","guid":{"rendered":"https:\/\/renatamonicaviagens.com.br\/v2\/?page_id=659"},"modified":"2025-12-05T08:35:00","modified_gmt":"2025-12-05T11:35:00","slug":"quem-somos","status":"publish","type":"page","link":"https:\/\/riccaviagens.com.br\/es\/quem-somos\/","title":{"rendered":"Quienes somos"},"content":{"rendered":"<div data-elementor-type=\"wp-page\" data-elementor-id=\"659\" class=\"elementor elementor-659\" data-elementor-post-type=\"page\">\n\t\t\t\t\t\t<section class=\"elementor-section elementor-top-section elementor-element elementor-element-6a3849ce elementor-section-boxed elementor-section-height-default elementor-section-height-default\" data-id=\"6a3849ce\" data-element_type=\"section\" data-e-type=\"section\" data-settings=\"{&quot;background_background&quot;:&quot;classic&quot;}\">\n\t\t\t\t\t\t\t<div class=\"elementor-background-overlay\"><\/div>\n\t\t\t\t\t\t\t<div class=\"elementor-container elementor-column-gap-no\">\n\t\t\t\t\t<div class=\"elementor-column elementor-col-100 elementor-top-column elementor-element elementor-element-7a56c8d8\" data-id=\"7a56c8d8\" data-element_type=\"column\" data-e-type=\"column\">\n\t\t\t<div class=\"elementor-widget-wrap elementor-element-populated\">\n\t\t\t\t\t\t<section class=\"elementor-section elementor-inner-section elementor-element elementor-element-8055e88 elementor-section-boxed elementor-section-height-default elementor-section-height-default\" data-id=\"8055e88\" data-element_type=\"section\" data-e-type=\"section\">\n\t\t\t\t\t\t<div class=\"elementor-container elementor-column-gap-no\">\n\t\t\t\t\t<div class=\"elementor-column elementor-col-100 elementor-inner-column elementor-element elementor-element-41624f78\" data-id=\"41624f78\" data-element_type=\"column\" data-e-type=\"column\">\n\t\t\t<div class=\"elementor-widget-wrap elementor-element-populated\">\n\t\t\t\t\t\t<div class=\"elementor-element elementor-element-e3c2991 elementor-icon-list--layout-inline elementor-widget__width-auto elementor-list-item-link-full_width elementor-widget elementor-widget-icon-list\" data-id=\"e3c2991\" data-element_type=\"widget\" data-e-type=\"widget\" data-widget_type=\"icon-list.default\">\n\t\t\t\t<div class=\"elementor-widget-container\">\n\t\t\t\t\t\t\t<ul class=\"elementor-icon-list-items elementor-inline-items\">\n\t\t\t\t\t\t\t<li class=\"elementor-icon-list-item elementor-inline-item\">\n\t\t\t\t\t\t\t\t\t\t<span class=\"elementor-icon-list-text\">Hogar<\/span>\n\t\t\t\t\t\t\t\t\t<\/li>\n\t\t\t\t\t\t\t\t<li class=\"elementor-icon-list-item elementor-inline-item\">\n\t\t\t\t\t\t\t\t\t\t\t<span class=\"elementor-icon-list-icon\">\n\t\t\t\t\t\t\t<svg aria-hidden=\"true\" class=\"e-font-icon-svg e-fas-chevron-circle-right\" viewbox=\"0 0 512 512\" xmlns=\"http:\/\/www.w3.org\/2000\/svg\"><path d=\"M256 8c137 0 248 111 248 248S393 504 256 504 8 393 8 256 119 8 256 8zm113.9 231L234.4 103.5c-9.4-9.4-24.6-9.4-33.9 0l-17 17c-9.4 9.4-9.4 24.6 0 33.9L285.1 256 183.5 357.6c-9.4 9.4-9.4 24.6 0 33.9l17 17c9.4 9.4 24.6 9.4 33.9 0L369.9 273c9.4-9.4 9.4-24.6 0-34z\"><\/path><\/svg>\t\t\t\t\t\t<\/span>\n\t\t\t\t\t\t\t\t\t\t<span class=\"elementor-icon-list-text\"><\/span>\n\t\t\t\t\t\t\t\t\t<\/li>\n\t\t\t\t\t\t<\/ul>\n\t\t\t\t\t\t<\/div>\n\t\t\t\t<\/div>\n\t\t\t\t\t<\/div>\n\t\t<\/div>\n\t\t\t\t\t<\/div>\n\t\t<\/section>\n\t\t\t\t\t<\/div>\n\t\t<\/div>\n\t\t\t\t\t<\/div>\n\t\t<\/section>\n\t\t\t\t<section class=\"elementor-section elementor-top-section elementor-element elementor-element-1ad039f0 elementor-section-boxed elementor-section-height-default elementor-section-height-default\" data-id=\"1ad039f0\" data-element_type=\"section\" data-e-type=\"section\">\n\t\t\t\t\t\t<div class=\"elementor-container elementor-column-gap-no\">\n\t\t\t\t\t<div class=\"elementor-column elementor-col-50 elementor-top-column elementor-element elementor-element-4b9910c8\" data-id=\"4b9910c8\" data-element_type=\"column\" data-e-type=\"column\">\n\t\t\t<div class=\"elementor-widget-wrap elementor-element-populated\">\n\t\t\t\t\t\t<div class=\"elementor-element elementor-element-60dcb7a elementor-widget elementor-widget-image\" data-id=\"60dcb7a\" data-element_type=\"widget\" data-e-type=\"widget\" data-widget_type=\"image.default\">\n\t\t\t\t<div class=\"elementor-widget-container\">\n\t\t\t\t\t\t\t\t\t\t\t\t\t\t\t<img fetchpriority=\"high\" decoding=\"async\" width=\"800\" height=\"180\" src=\"https:\/\/riccaviagens.com.br\/wp-content\/uploads\/2024\/01\/LOGO-RICCA-ROSA2-1024x230.png\" class=\"attachment-large size-large wp-image-10993\" alt=\"\" srcset=\"https:\/\/riccaviagens.com.br\/wp-content\/uploads\/2024\/01\/LOGO-RICCA-ROSA2-1024x230.png 1024w, https:\/\/riccaviagens.com.br\/wp-content\/uploads\/2024\/01\/LOGO-RICCA-ROSA2-300x67.png 300w, https:\/\/riccaviagens.com.br\/wp-content\/uploads\/2024\/01\/LOGO-RICCA-ROSA2-768x173.png 768w, https:\/\/riccaviagens.com.br\/wp-content\/uploads\/2024\/01\/LOGO-RICCA-ROSA2-1536x345.png 1536w, https:\/\/riccaviagens.com.br\/wp-content\/uploads\/2024\/01\/LOGO-RICCA-ROSA2-2048x460.png 2048w, https:\/\/riccaviagens.com.br\/wp-content\/uploads\/2024\/01\/LOGO-RICCA-ROSA2-18x4.png 18w\" sizes=\"(max-width: 800px) 100vw, 800px\" \/>\t\t\t\t\t\t\t\t\t\t\t\t\t\t\t<\/div>\n\t\t\t\t<\/div>\n\t\t\t\t<div class=\"elementor-element elementor-element-29233690 elementor-widget elementor-widget-text-editor\" data-id=\"29233690\" data-element_type=\"widget\" data-e-type=\"widget\" data-widget_type=\"text-editor.default\">\n\t\t\t\t<div class=\"elementor-widget-container\">\n\t\t\t\t\t\t\t\t\t<p data-start=\"167\" data-end=\"617\">Durante 11 a\u00f1os, el <strong data-start=\"182\" data-end=\"207\">Renata M\u00f3nica viaja<\/strong> Se ha distinguido en el mercado tur\u00edstico, obteniendo reconocimiento por la calidad de su servicio y la creaci\u00f3n de experiencias inolvidables. Con 25 a\u00f1os de experiencia en el sector, se ha consolidado como referente en viajes de ocio, ofreciendo paquetes nacionales e internacionales para grupos y viajeros individuales, as\u00ed como itinerarios personalizados (forfait) que transforman los deseos de cada cliente en momentos \u00fanicos.<\/p><p data-start=\"619\" data-end=\"1013\">Ahora damos un nuevo paso en nuestra historia: presentamos el <strong data-start=\"680\" data-end=\"697\">Viajes de Ricca<\/strong>. M\u00e1s que un simple cambio de nombre, esta evoluci\u00f3n refleja modernidad, cercan\u00eda y la fortaleza de una marca que crece junto a sus clientes. Mantenemos nuestra esencia \u2014excelencia, exclusividad y atenci\u00f3n al detalle\u2014 pero con una identidad renovada para seguir transformando sue\u00f1os en experiencias inolvidables.<\/p>\t\t\t\t\t\t\t\t<\/div>\n\t\t\t\t<\/div>\n\t\t\t\t<div class=\"elementor-element elementor-element-58d153f8 elementor-widget elementor-widget-spacer\" data-id=\"58d153f8\" data-element_type=\"widget\" data-e-type=\"widget\" data-widget_type=\"spacer.default\">\n\t\t\t\t<div class=\"elementor-widget-container\">\n\t\t\t\t\t\t\t<div class=\"elementor-spacer\">\n\t\t\t<div class=\"elementor-spacer-inner\"><\/div>\n\t\t<\/div>\n\t\t\t\t\t\t<\/div>\n\t\t\t\t<\/div>\n\t\t\t\t\t<\/div>\n\t\t<\/div>\n\t\t\t\t<div class=\"elementor-column elementor-col-50 elementor-top-column elementor-element elementor-element-4ffa53b8\" data-id=\"4ffa53b8\" data-element_type=\"column\" data-e-type=\"column\">\n\t\t\t<div class=\"elementor-widget-wrap elementor-element-populated\">\n\t\t\t\t\t\t<div class=\"elementor-element elementor-element-5750bf9b elementor-widget__width-initial elementor-widget-tablet__width-inherit elementor-widget elementor-widget-spacer\" data-id=\"5750bf9b\" data-element_type=\"widget\" data-e-type=\"widget\" data-widget_type=\"spacer.default\">\n\t\t\t\t<div class=\"elementor-widget-container\">\n\t\t\t\t\t\t\t<div class=\"elementor-spacer\">\n\t\t\t<div class=\"elementor-spacer-inner\"><\/div>\n\t\t<\/div>\n\t\t\t\t\t\t<\/div>\n\t\t\t\t<\/div>\n\t\t\t\t<div class=\"elementor-element elementor-element-d7d4971 elementor-widget elementor-widget-text-editor\" data-id=\"d7d4971\" data-element_type=\"widget\" data-e-type=\"widget\" data-widget_type=\"text-editor.default\">\n\t\t\t\t<div class=\"elementor-widget-container\">\n\t\t\t\t\t\t\t\t\t\u00bfQui\u00e9n es Monikinha?\t\t\t\t\t\t\t\t<\/div>\n\t\t\t\t<\/div>\n\t\t\t\t<div class=\"elementor-element elementor-element-73255a7 elementor-widget elementor-widget-text-editor\" data-id=\"73255a7\" data-element_type=\"widget\" data-e-type=\"widget\" data-widget_type=\"text-editor.default\">\n\t\t\t\t<div class=\"elementor-widget-container\">\n\t\t\t\t\t\t\t\t\t<p>Mi historia con el turismo, cre\u00eda, hab\u00eda comenzado cuando, a principios del a\u00f1o 2000, reci\u00e9n graduado en econom\u00eda y ya decepcionado con el mercado financiero y los bancos donde trabajaba, fui invitado por un amigo para ayudarlo en una excursi\u00f3n. que el ayuntamiento ofrec\u00eda a los residentes mayores.<\/p><p>Qued\u00e9 encantada con la invitaci\u00f3n y fui a ayudarlo; en realidad brindaba servicios para una agencia que trabajaba para el ayuntamiento en ese momento.<\/p><p>Mi primer grupo fue a la ciudad de S\u00e3o Louren\u00e7o en MG, hicimos unos 50 grupos o m\u00e1s y la experiencia me pareci\u00f3 incre\u00edble.<\/p><p>Creyendo que con mi t\u00edtulo de Economista ya pod\u00eda trabajar en este mercado, habl\u00e9 con la due\u00f1a de la agencia y me dijo que necesitaba graduarme en turismo. Sin pensarlo dos veces, me matricul\u00e9 en el curso en R\u00edo de Janeiro y me fui a estudiar\u2026<\/p><p>Pero retrocediendo un poco, veo que mi amor por viajar comenz\u00f3 cuando era peque\u00f1a a bordo de una Chevette amarilla, mi padre cuando ten\u00eda tiempo libre llevaba a nuestra familia a viajes cortos y mi madre preparaba el poliestireno con diversas delicias y Golosinas para que salgamos felices a las carreteras.<\/p><p>Y as\u00ed, desde peque\u00f1a crec\u00ed amando viajar, y por eso siempre estoy buscando un nuevo destino...<\/p>\t\t\t\t\t\t\t\t<\/div>\n\t\t\t\t<\/div>\n\t\t\t\t\t<\/div>\n\t\t<\/div>\n\t\t\t\t\t<\/div>\n\t\t<\/section>\n\t\t\t\t<section class=\"elementor-section elementor-top-section elementor-element elementor-element-6b1c8a21 elementor-section-boxed elementor-section-height-default elementor-section-height-default\" data-id=\"6b1c8a21\" data-element_type=\"section\" data-e-type=\"section\">\n\t\t\t\t\t\t<div class=\"elementor-container elementor-column-gap-no\">\n\t\t\t\t\t<div class=\"elementor-column elementor-col-100 elementor-top-column elementor-element elementor-element-4ff2b10\" data-id=\"4ff2b10\" data-element_type=\"column\" data-e-type=\"column\">\n\t\t\t<div class=\"elementor-widget-wrap elementor-element-populated\">\n\t\t\t\t\t\t<section class=\"elementor-section elementor-inner-section elementor-element elementor-element-19234a15 elementor-section-boxed elementor-section-height-default elementor-section-height-default\" data-id=\"19234a15\" data-element_type=\"section\" data-e-type=\"section\">\n\t\t\t\t\t\t<div class=\"elementor-container elementor-column-gap-no\">\n\t\t\t\t\t<div class=\"elementor-column elementor-col-33 elementor-inner-column elementor-element elementor-element-781cadb8\" data-id=\"781cadb8\" data-element_type=\"column\" data-e-type=\"column\">\n\t\t\t<div class=\"elementor-widget-wrap elementor-element-populated\">\n\t\t\t\t\t\t<div class=\"elementor-element elementor-element-4e6204c jkit-equal-height-disable elementor-widget elementor-widget-jkit_icon_box\" data-id=\"4e6204c\" data-element_type=\"widget\" data-e-type=\"widget\" data-widget_type=\"jkit_icon_box.default\">\n\t\t\t\t<div class=\"elementor-widget-container\">\n\t\t\t\t\t<div  class=\"jeg-elementor-kit jkit-icon-box icon-position-left elementor-animation- jeg_module___69fb04efd45af\" ><div class=\"jkit-icon-box-wrapper hover-from-left\"><div class=\"icon-box icon-box-body\">\n                <h2 class=\"title\">Misi\u00f3n<\/h2><p class=\"icon-box-description\">Transformar los sue\u00f1os y expectativas de los clientes en su tiempo de ocio o trabajo en algo real y posible, basado en una prestaci\u00f3n de servicios \u00e1gil, eficiente, segura y de calidad.\n<\/p>\n            <\/div>\n            \n            <\/div><\/div>\t\t\t\t<\/div>\n\t\t\t\t<\/div>\n\t\t\t\t\t<\/div>\n\t\t<\/div>\n\t\t\t\t<div class=\"elementor-column elementor-col-33 elementor-inner-column elementor-element elementor-element-768b8d69\" data-id=\"768b8d69\" data-element_type=\"column\" data-e-type=\"column\">\n\t\t\t<div class=\"elementor-widget-wrap elementor-element-populated\">\n\t\t\t\t\t\t<div class=\"elementor-element elementor-element-ebec9fb jkit-equal-height-disable elementor-widget elementor-widget-jkit_icon_box\" data-id=\"ebec9fb\" data-element_type=\"widget\" data-e-type=\"widget\" data-widget_type=\"jkit_icon_box.default\">\n\t\t\t\t<div class=\"elementor-widget-container\">\n\t\t\t\t\t<div  class=\"jeg-elementor-kit jkit-icon-box icon-position-left elementor-animation- jeg_module__1_69fb04efd51f1\" ><div class=\"jkit-icon-box-wrapper hover-from-left\"><div class=\"icon-box icon-box-body\">\n                <h2 class=\"title\">Visi\u00f3n<\/h2><p class=\"icon-box-description\">Lograr reconocimiento en el segmento, ser referencia en servicio personalizado accesible y exclusivo, contribuyendo a viajes y momentos inolvidables para nuestros clientes.\n<\/p>\n            <\/div>\n            \n            <\/div><\/div>\t\t\t\t<\/div>\n\t\t\t\t<\/div>\n\t\t\t\t\t<\/div>\n\t\t<\/div>\n\t\t\t\t<div class=\"elementor-column elementor-col-33 elementor-inner-column elementor-element elementor-element-70c5b347\" data-id=\"70c5b347\" data-element_type=\"column\" data-e-type=\"column\">\n\t\t\t<div class=\"elementor-widget-wrap elementor-element-populated\">\n\t\t\t\t\t\t<div class=\"elementor-element elementor-element-9c2634e jkit-equal-height-disable elementor-widget elementor-widget-jkit_icon_box\" data-id=\"9c2634e\" data-element_type=\"widget\" data-e-type=\"widget\" data-widget_type=\"jkit_icon_box.default\">\n\t\t\t\t<div class=\"elementor-widget-container\">\n\t\t\t\t\t<div  class=\"jeg-elementor-kit jkit-icon-box icon-position-left elementor-animation- jeg_module__2_69fb04efd5ebf\" ><div class=\"jkit-icon-box-wrapper hover-from-left\"><div class=\"icon-box icon-box-body\">\n                <h2 class=\"title\">Valores<\/h2><p class=\"icon-box-description\">\u00c9tica, transparencia, confianza, compromiso y respeto por el cliente.<\/p>\n            <\/div>\n            \n            <\/div><\/div>\t\t\t\t<\/div>\n\t\t\t\t<\/div>\n\t\t\t\t\t<\/div>\n\t\t<\/div>\n\t\t\t\t\t<\/div>\n\t\t<\/section>\n\t\t\t\t\t<\/div>\n\t\t<\/div>\n\t\t\t\t\t<\/div>\n\t\t<\/section>\n\t\t\t\t<\/div>","protected":false},"excerpt":{"rendered":"<p>Home Por 11 anos, a Renata Monica Viagens se destacou no mercado de turismo, conquistando reconhecimento pela qualidade no atendimento e pela cria\u00e7\u00e3o de experi\u00eancias inesquec\u00edveis. Com 25 anos de expertise no setor, consolidou-se como refer\u00eancia em viagens de lazer, oferecendo pacotes nacionais e internacionais para grupos e viajantes individuais, al\u00e9m de roteiros personalizados (forfait) [&hellip;]<\/p>\n","protected":false},"author":1,"featured_media":0,"parent":0,"menu_order":0,"comment_status":"closed","ping_status":"closed","template":"","meta":{"_acf_changed":false,"footnotes":""},"class_list":["post-659","page","type-page","status-publish","hentry"],"acf":[],"aioseo_notices":[],"_links":{"self":[{"href":"https:\/\/riccaviagens.com.br\/es\/wp-json\/wp\/v2\/pages\/659","targetHints":{"allow":["GET"]}}],"collection":[{"href":"https:\/\/riccaviagens.com.br\/es\/wp-json\/wp\/v2\/pages"}],"about":[{"href":"https:\/\/riccaviagens.com.br\/es\/wp-json\/wp\/v2\/types\/page"}],"author":[{"embeddable":true,"href":"https:\/\/riccaviagens.com.br\/es\/wp-json\/wp\/v2\/users\/1"}],"replies":[{"embeddable":true,"href":"https:\/\/riccaviagens.com.br\/es\/wp-json\/wp\/v2\/comments?post=659"}],"version-history":[{"count":21,"href":"https:\/\/riccaviagens.com.br\/es\/wp-json\/wp\/v2\/pages\/659\/revisions"}],"predecessor-version":[{"id":11026,"href":"https:\/\/riccaviagens.com.br\/es\/wp-json\/wp\/v2\/pages\/659\/revisions\/11026"}],"wp:attachment":[{"href":"https:\/\/riccaviagens.com.br\/es\/wp-json\/wp\/v2\/media?parent=659"}],"curies":[{"name":"gracias","href":"https:\/\/api.w.org\/{rel}","templated":true}]}}