{"id":9878,"date":"2024-01-31T09:52:37","date_gmt":"2024-01-31T12:52:37","guid":{"rendered":"https:\/\/renatamonicaviagens.com.br\/?page_id=9878"},"modified":"2024-01-31T10:02:59","modified_gmt":"2024-01-31T13:02:59","slug":"politica-de-privacidade","status":"publish","type":"page","link":"https:\/\/riccaviagens.com.br\/en\/politica-de-privacidade\/","title":{"rendered":"Privacy Policy"},"content":{"rendered":"<div data-elementor-type=\"wp-page\" data-elementor-id=\"9878\" class=\"elementor elementor-9878\" data-elementor-post-type=\"page\">\n\t\t\t\t\t\t<section class=\"elementor-section elementor-top-section elementor-element elementor-element-2e940a8 elementor-section-boxed elementor-section-height-default elementor-section-height-default\" data-id=\"2e940a8\" data-element_type=\"section\" data-e-type=\"section\" data-settings=\"{&quot;background_background&quot;:&quot;classic&quot;}\">\n\t\t\t\t\t\t\t<div class=\"elementor-background-overlay\"><\/div>\n\t\t\t\t\t\t\t<div class=\"elementor-container elementor-column-gap-no\">\n\t\t\t\t\t<div class=\"elementor-column elementor-col-100 elementor-top-column elementor-element elementor-element-14bc2ed\" data-id=\"14bc2ed\" data-element_type=\"column\" data-e-type=\"column\">\n\t\t\t<div class=\"elementor-widget-wrap elementor-element-populated\">\n\t\t\t\t\t\t<section class=\"elementor-section elementor-inner-section elementor-element elementor-element-4b1764e elementor-section-boxed elementor-section-height-default elementor-section-height-default\" data-id=\"4b1764e\" data-element_type=\"section\" data-e-type=\"section\">\n\t\t\t\t\t\t<div class=\"elementor-container elementor-column-gap-no\">\n\t\t\t\t\t<div class=\"elementor-column elementor-col-100 elementor-inner-column elementor-element elementor-element-42e5923\" data-id=\"42e5923\" data-element_type=\"column\" data-e-type=\"column\">\n\t\t\t<div class=\"elementor-widget-wrap elementor-element-populated\">\n\t\t\t\t\t\t<div class=\"elementor-element elementor-element-26e4265 elementor-icon-list--layout-inline elementor-widget__width-auto elementor-list-item-link-full_width elementor-widget elementor-widget-icon-list\" data-id=\"26e4265\" data-element_type=\"widget\" data-e-type=\"widget\" data-widget_type=\"icon-list.default\">\n\t\t\t\t<div class=\"elementor-widget-container\">\n\t\t\t\t\t\t\t<ul class=\"elementor-icon-list-items elementor-inline-items\">\n\t\t\t\t\t\t\t<li class=\"elementor-icon-list-item elementor-inline-item\">\n\t\t\t\t\t\t\t\t\t\t<span class=\"elementor-icon-list-text\">Home<\/span>\n\t\t\t\t\t\t\t\t\t<\/li>\n\t\t\t\t\t\t\t\t<li class=\"elementor-icon-list-item elementor-inline-item\">\n\t\t\t\t\t\t\t\t\t\t\t<span class=\"elementor-icon-list-icon\">\n\t\t\t\t\t\t\t<svg aria-hidden=\"true\" class=\"e-font-icon-svg e-fas-chevron-circle-right\" viewbox=\"0 0 512 512\" xmlns=\"http:\/\/www.w3.org\/2000\/svg\"><path d=\"M256 8c137 0 248 111 248 248S393 504 256 504 8 393 8 256 119 8 256 8zm113.9 231L234.4 103.5c-9.4-9.4-24.6-9.4-33.9 0l-17 17c-9.4 9.4-9.4 24.6 0 33.9L285.1 256 183.5 357.6c-9.4 9.4-9.4 24.6 0 33.9l17 17c9.4 9.4 24.6 9.4 33.9 0L369.9 273c9.4-9.4 9.4-24.6 0-34z\"><\/path><\/svg>\t\t\t\t\t\t<\/span>\n\t\t\t\t\t\t\t\t\t\t<span class=\"elementor-icon-list-text\"><\/span>\n\t\t\t\t\t\t\t\t\t<\/li>\n\t\t\t\t\t\t<\/ul>\n\t\t\t\t\t\t<\/div>\n\t\t\t\t<\/div>\n\t\t\t\t\t<\/div>\n\t\t<\/div>\n\t\t\t\t\t<\/div>\n\t\t<\/section>\n\t\t\t\t\t<\/div>\n\t\t<\/div>\n\t\t\t\t\t<\/div>\n\t\t<\/section>\n\t\t\t\t<section class=\"elementor-section elementor-top-section elementor-element elementor-element-2a6e0acf elementor-section-boxed elementor-section-height-default elementor-section-height-default\" data-id=\"2a6e0acf\" data-element_type=\"section\" data-e-type=\"section\">\n\t\t\t\t\t\t<div class=\"elementor-container elementor-column-gap-no\">\n\t\t\t\t\t<div class=\"elementor-column elementor-col-100 elementor-top-column elementor-element elementor-element-5e42c996\" data-id=\"5e42c996\" data-element_type=\"column\" data-e-type=\"column\">\n\t\t\t<div class=\"elementor-widget-wrap elementor-element-populated\">\n\t\t\t\t\t\t<div class=\"elementor-element elementor-element-3b8cbed9 elementor-widget elementor-widget-text-editor\" data-id=\"3b8cbed9\" data-element_type=\"widget\" data-e-type=\"widget\" data-widget_type=\"text-editor.default\">\n\t\t\t\t<div class=\"elementor-widget-container\">\n\t\t\t\t\t\t\t\t\t\n<p>Renata M\u00f4nica Viagens, located at Rua Haroldo Cavalcanti 360, SL 305, Recreio, Rio de Janeiro\/RJ, CNPJ: 34.631.245\/0001-39, deeply values the privacy of users of our website. This policy aims to clarify how we collect, use, disclose and protect the personal information you provide when using our online services.<\/p>\n<h5><strong>1. Information Collection<\/strong><\/h5>\n<p>Renata M\u00f4nica Viagens collects personal information exclusively through the contact form available on our website. The information requested includes first name, last name and email address. We emphasize that we do not collect sensitive information, such as financial or credit card data, as we do not offer online financial transactions.<\/p>\n\n<p>Additionally, we use cookies to improve user experience and understand how our website is used. Cookies are small text files stored on your device to provide a more personalized experience.<\/p>\n\n<h5><strong>2. Use of Information<\/strong><\/h5>\n\n<p>The information collected is used exclusively for the following purposes:<\/p>\n\n<ul class=\"wp-block-list\">\n<li>Respond to queries and requests made via the contact form.<\/li>\n\n<li>Personalize user experience and optimize website performance.<\/li>\n\n<li>Improve our services and offer relevant content.<\/li>\n<\/ul>\n\n<h5><strong>3. Information Sharing<\/strong><\/h5>\n\n<p>We emphasize that we do not share, sell or rent your personal information to third parties. Your information is only used by Renata M\u00f4nica Viagens for the purposes mentioned in this policy.<\/p>\n\n<h5><strong>4. Cookies<\/strong><\/h5>\n\n<p>By using our website, you agree to the use of cookies. Cookies allow us to improve the functionality and personalization of the website, as well as provide metrics for performance analysis. If you choose to disable cookies in your browser, please note that this may impact the functionality of the website.<\/p>\n\n<h5><strong>5. Security<\/strong><\/h5>\n\n<p>We implement strict security measures to protect your personal information from unauthorized access, alteration, unauthorized disclosure or destruction.<\/p>\n\n<h5><strong>6. Changes to the Privacy Policy<\/strong><\/h5>\n\n<p>Renata M\u00f4nica Viagens reserves the right to update this privacy policy at any time. We recommend that users periodically review the information contained herein to be aware of how we are protecting their information.<\/p>\n\n<h5><strong>7. Contact<\/strong><\/h5>\n\n<p>For any questions regarding this privacy policy or to request the removal of your information from our records, please contact us using the form available on our website or by email <a href=\"mailto:contato@renatamonicaviagens.com.br\">contato@renatamonicaviagens.com.br<\/a>.<\/p>\n\n<p>This privacy policy is effective from February 1, 2024.<\/p>\n\n<p>Last updated: January 31, 2024.<\/p>\n\t\t\t\t\t\t\t\t<\/div>\n\t\t\t\t<\/div>\n\t\t\t\t\t<\/div>\n\t\t<\/div>\n\t\t\t\t\t<\/div>\n\t\t<\/section>\n\t\t\t\t<\/div>","protected":false},"excerpt":{"rendered":"<p>Home A Renata M\u00f4nica Viagens, localizada na Rua Haroldo Cavalcanti 360, SL 305, Recreio, Rio de Janeiro\/RJ, CNPJ: 34.631.245\/0001-39, valoriza profundamente a privacidade dos usu\u00e1rios de nosso site. Esta pol\u00edtica tem como objetivo esclarecer como coletamos, utilizamos, divulgamos e protegemos as informa\u00e7\u00f5es pessoais fornecidas durante a utiliza\u00e7\u00e3o de nossos servi\u00e7os online. 1. Coleta de Informa\u00e7\u00f5es [&hellip;]<\/p>\n","protected":false},"author":1,"featured_media":0,"parent":0,"menu_order":0,"comment_status":"closed","ping_status":"closed","template":"","meta":{"_acf_changed":false,"footnotes":""},"class_list":["post-9878","page","type-page","status-publish","hentry"],"acf":[],"aioseo_notices":[],"_links":{"self":[{"href":"https:\/\/riccaviagens.com.br\/en\/wp-json\/wp\/v2\/pages\/9878","targetHints":{"allow":["GET"]}}],"collection":[{"href":"https:\/\/riccaviagens.com.br\/en\/wp-json\/wp\/v2\/pages"}],"about":[{"href":"https:\/\/riccaviagens.com.br\/en\/wp-json\/wp\/v2\/types\/page"}],"author":[{"embeddable":true,"href":"https:\/\/riccaviagens.com.br\/en\/wp-json\/wp\/v2\/users\/1"}],"replies":[{"embeddable":true,"href":"https:\/\/riccaviagens.com.br\/en\/wp-json\/wp\/v2\/comments?post=9878"}],"version-history":[{"count":8,"href":"https:\/\/riccaviagens.com.br\/en\/wp-json\/wp\/v2\/pages\/9878\/revisions"}],"predecessor-version":[{"id":9887,"href":"https:\/\/riccaviagens.com.br\/en\/wp-json\/wp\/v2\/pages\/9878\/revisions\/9887"}],"wp:attachment":[{"href":"https:\/\/riccaviagens.com.br\/en\/wp-json\/wp\/v2\/media?parent=9878"}],"curies":[{"name":"wp","href":"https:\/\/api.w.org\/{rel}","templated":true}]}}