{"id":659,"date":"2024-01-04T16:28:52","date_gmt":"2024-01-04T19:28:52","guid":{"rendered":"https:\/\/renatamonicaviagens.com.br\/v2\/?page_id=659"},"modified":"2025-12-05T08:35:00","modified_gmt":"2025-12-05T11:35:00","slug":"quem-somos","status":"publish","type":"page","link":"https:\/\/riccaviagens.com.br\/en\/quem-somos\/","title":{"rendered":"Who we are"},"content":{"rendered":"<div data-elementor-type=\"wp-page\" data-elementor-id=\"659\" class=\"elementor elementor-659\" data-elementor-post-type=\"page\">\n\t\t\t\t\t\t<section class=\"elementor-section elementor-top-section elementor-element elementor-element-6a3849ce elementor-section-boxed elementor-section-height-default elementor-section-height-default\" data-id=\"6a3849ce\" data-element_type=\"section\" data-e-type=\"section\" data-settings=\"{&quot;background_background&quot;:&quot;classic&quot;}\">\n\t\t\t\t\t\t\t<div class=\"elementor-background-overlay\"><\/div>\n\t\t\t\t\t\t\t<div class=\"elementor-container elementor-column-gap-no\">\n\t\t\t\t\t<div class=\"elementor-column elementor-col-100 elementor-top-column elementor-element elementor-element-7a56c8d8\" data-id=\"7a56c8d8\" data-element_type=\"column\" data-e-type=\"column\">\n\t\t\t<div class=\"elementor-widget-wrap elementor-element-populated\">\n\t\t\t\t\t\t<section class=\"elementor-section elementor-inner-section elementor-element elementor-element-8055e88 elementor-section-boxed elementor-section-height-default elementor-section-height-default\" data-id=\"8055e88\" data-element_type=\"section\" data-e-type=\"section\">\n\t\t\t\t\t\t<div class=\"elementor-container elementor-column-gap-no\">\n\t\t\t\t\t<div class=\"elementor-column elementor-col-100 elementor-inner-column elementor-element elementor-element-41624f78\" data-id=\"41624f78\" data-element_type=\"column\" data-e-type=\"column\">\n\t\t\t<div class=\"elementor-widget-wrap elementor-element-populated\">\n\t\t\t\t\t\t<div class=\"elementor-element elementor-element-e3c2991 elementor-icon-list--layout-inline elementor-widget__width-auto elementor-list-item-link-full_width elementor-widget elementor-widget-icon-list\" data-id=\"e3c2991\" data-element_type=\"widget\" data-e-type=\"widget\" data-widget_type=\"icon-list.default\">\n\t\t\t\t<div class=\"elementor-widget-container\">\n\t\t\t\t\t\t\t<ul class=\"elementor-icon-list-items elementor-inline-items\">\n\t\t\t\t\t\t\t<li class=\"elementor-icon-list-item elementor-inline-item\">\n\t\t\t\t\t\t\t\t\t\t<span class=\"elementor-icon-list-text\">Home<\/span>\n\t\t\t\t\t\t\t\t\t<\/li>\n\t\t\t\t\t\t\t\t<li class=\"elementor-icon-list-item elementor-inline-item\">\n\t\t\t\t\t\t\t\t\t\t\t<span class=\"elementor-icon-list-icon\">\n\t\t\t\t\t\t\t<svg aria-hidden=\"true\" class=\"e-font-icon-svg e-fas-chevron-circle-right\" viewbox=\"0 0 512 512\" xmlns=\"http:\/\/www.w3.org\/2000\/svg\"><path d=\"M256 8c137 0 248 111 248 248S393 504 256 504 8 393 8 256 119 8 256 8zm113.9 231L234.4 103.5c-9.4-9.4-24.6-9.4-33.9 0l-17 17c-9.4 9.4-9.4 24.6 0 33.9L285.1 256 183.5 357.6c-9.4 9.4-9.4 24.6 0 33.9l17 17c9.4 9.4 24.6 9.4 33.9 0L369.9 273c9.4-9.4 9.4-24.6 0-34z\"><\/path><\/svg>\t\t\t\t\t\t<\/span>\n\t\t\t\t\t\t\t\t\t\t<span class=\"elementor-icon-list-text\"><\/span>\n\t\t\t\t\t\t\t\t\t<\/li>\n\t\t\t\t\t\t<\/ul>\n\t\t\t\t\t\t<\/div>\n\t\t\t\t<\/div>\n\t\t\t\t\t<\/div>\n\t\t<\/div>\n\t\t\t\t\t<\/div>\n\t\t<\/section>\n\t\t\t\t\t<\/div>\n\t\t<\/div>\n\t\t\t\t\t<\/div>\n\t\t<\/section>\n\t\t\t\t<section class=\"elementor-section elementor-top-section elementor-element elementor-element-1ad039f0 elementor-section-boxed elementor-section-height-default elementor-section-height-default\" data-id=\"1ad039f0\" data-element_type=\"section\" data-e-type=\"section\">\n\t\t\t\t\t\t<div class=\"elementor-container elementor-column-gap-no\">\n\t\t\t\t\t<div class=\"elementor-column elementor-col-50 elementor-top-column elementor-element elementor-element-4b9910c8\" data-id=\"4b9910c8\" data-element_type=\"column\" data-e-type=\"column\">\n\t\t\t<div class=\"elementor-widget-wrap elementor-element-populated\">\n\t\t\t\t\t\t<div class=\"elementor-element elementor-element-60dcb7a elementor-widget elementor-widget-image\" data-id=\"60dcb7a\" data-element_type=\"widget\" data-e-type=\"widget\" data-widget_type=\"image.default\">\n\t\t\t\t<div class=\"elementor-widget-container\">\n\t\t\t\t\t\t\t\t\t\t\t\t\t\t\t<img fetchpriority=\"high\" decoding=\"async\" width=\"800\" height=\"180\" src=\"https:\/\/riccaviagens.com.br\/wp-content\/uploads\/2024\/01\/LOGO-RICCA-ROSA2-1024x230.png\" class=\"attachment-large size-large wp-image-10993\" alt=\"\" srcset=\"https:\/\/riccaviagens.com.br\/wp-content\/uploads\/2024\/01\/LOGO-RICCA-ROSA2-1024x230.png 1024w, https:\/\/riccaviagens.com.br\/wp-content\/uploads\/2024\/01\/LOGO-RICCA-ROSA2-300x67.png 300w, https:\/\/riccaviagens.com.br\/wp-content\/uploads\/2024\/01\/LOGO-RICCA-ROSA2-768x173.png 768w, https:\/\/riccaviagens.com.br\/wp-content\/uploads\/2024\/01\/LOGO-RICCA-ROSA2-1536x345.png 1536w, https:\/\/riccaviagens.com.br\/wp-content\/uploads\/2024\/01\/LOGO-RICCA-ROSA2-2048x460.png 2048w, https:\/\/riccaviagens.com.br\/wp-content\/uploads\/2024\/01\/LOGO-RICCA-ROSA2-18x4.png 18w\" sizes=\"(max-width: 800px) 100vw, 800px\" \/>\t\t\t\t\t\t\t\t\t\t\t\t\t\t\t<\/div>\n\t\t\t\t<\/div>\n\t\t\t\t<div class=\"elementor-element elementor-element-29233690 elementor-widget elementor-widget-text-editor\" data-id=\"29233690\" data-element_type=\"widget\" data-e-type=\"widget\" data-widget_type=\"text-editor.default\">\n\t\t\t\t<div class=\"elementor-widget-container\">\n\t\t\t\t\t\t\t\t\t<p data-start=\"167\" data-end=\"617\">For 11 years, the <strong data-start=\"182\" data-end=\"207\">Renata Monica Travels<\/strong> has stood out in the tourism market, earning recognition for its quality service and the creation of unforgettable experiences. With 25 years of expertise in the sector, it has established itself as a benchmark in leisure travel, offering domestic and international packages for groups and individual travelers, as well as personalized itineraries (for passes) that translate each client&#039;s desires into unique moments.<\/p><p data-start=\"619\" data-end=\"1013\">Now, we take a new step in our history: we present the <strong data-start=\"680\" data-end=\"697\">Ricca Travel<\/strong>More than just a name change, this evolution reflects modernity, proximity, and the strength of a brand that grows alongside its customers. We maintain our traditional essence\u2014excellence, exclusivity, and attention to every detail\u2014but with a renewed identity to continue transforming dreams into unforgettable trips.<\/p>\t\t\t\t\t\t\t\t<\/div>\n\t\t\t\t<\/div>\n\t\t\t\t<div class=\"elementor-element elementor-element-58d153f8 elementor-widget elementor-widget-spacer\" data-id=\"58d153f8\" data-element_type=\"widget\" data-e-type=\"widget\" data-widget_type=\"spacer.default\">\n\t\t\t\t<div class=\"elementor-widget-container\">\n\t\t\t\t\t\t\t<div class=\"elementor-spacer\">\n\t\t\t<div class=\"elementor-spacer-inner\"><\/div>\n\t\t<\/div>\n\t\t\t\t\t\t<\/div>\n\t\t\t\t<\/div>\n\t\t\t\t\t<\/div>\n\t\t<\/div>\n\t\t\t\t<div class=\"elementor-column elementor-col-50 elementor-top-column elementor-element elementor-element-4ffa53b8\" data-id=\"4ffa53b8\" data-element_type=\"column\" data-e-type=\"column\">\n\t\t\t<div class=\"elementor-widget-wrap elementor-element-populated\">\n\t\t\t\t\t\t<div class=\"elementor-element elementor-element-5750bf9b elementor-widget__width-initial elementor-widget-tablet__width-inherit elementor-widget elementor-widget-spacer\" data-id=\"5750bf9b\" data-element_type=\"widget\" data-e-type=\"widget\" data-widget_type=\"spacer.default\">\n\t\t\t\t<div class=\"elementor-widget-container\">\n\t\t\t\t\t\t\t<div class=\"elementor-spacer\">\n\t\t\t<div class=\"elementor-spacer-inner\"><\/div>\n\t\t<\/div>\n\t\t\t\t\t\t<\/div>\n\t\t\t\t<\/div>\n\t\t\t\t<div class=\"elementor-element elementor-element-d7d4971 elementor-widget elementor-widget-text-editor\" data-id=\"d7d4971\" data-element_type=\"widget\" data-e-type=\"widget\" data-widget_type=\"text-editor.default\">\n\t\t\t\t<div class=\"elementor-widget-container\">\n\t\t\t\t\t\t\t\t\tWho is Monikinha?\t\t\t\t\t\t\t\t<\/div>\n\t\t\t\t<\/div>\n\t\t\t\t<div class=\"elementor-element elementor-element-73255a7 elementor-widget elementor-widget-text-editor\" data-id=\"73255a7\" data-element_type=\"widget\" data-e-type=\"widget\" data-widget_type=\"text-editor.default\">\n\t\t\t\t<div class=\"elementor-widget-container\">\n\t\t\t\t\t\t\t\t\t<p>My story with tourism, I believed, had begun when, at the beginning of 2000, having recently graduated in economics, and already disappointed with the financial market and the banks where I worked, I was invited by a friend to help him on an excursion that the city council was offering to elderly residents.<\/p><p>I was delighted with the invitation and went to help him; actually providing services for an agency that worked for the city hall at that time.<\/p><p>My first group went to the city of S\u00e3o Louren\u00e7o in MG, we made about 50 groups or more and I thought the experience was incredible.<\/p><p>Believing that with my Economist degree I was already able to work in this market, I spoke to the owner of the agency and she told me that I needed to graduate in tourism. Without thinking twice, I enrolled in the course in Rio de Janeiro and went to study\u2026<\/p><p>But going back a little, I see that my love for traveling began when I was little aboard a yellow Chevette, my father, whenever he had time off, would take our family on short trips and my mother would prepare the styrofoam with various delicacies and treats for we go out happily on the roads.<\/p><p>And so, since I was little, I grew up loving traveling, and that&#039;s why I&#039;m always looking for a new destination...<\/p>\t\t\t\t\t\t\t\t<\/div>\n\t\t\t\t<\/div>\n\t\t\t\t\t<\/div>\n\t\t<\/div>\n\t\t\t\t\t<\/div>\n\t\t<\/section>\n\t\t\t\t<section class=\"elementor-section elementor-top-section elementor-element elementor-element-6b1c8a21 elementor-section-boxed elementor-section-height-default elementor-section-height-default\" data-id=\"6b1c8a21\" data-element_type=\"section\" data-e-type=\"section\">\n\t\t\t\t\t\t<div class=\"elementor-container elementor-column-gap-no\">\n\t\t\t\t\t<div class=\"elementor-column elementor-col-100 elementor-top-column elementor-element elementor-element-4ff2b10\" data-id=\"4ff2b10\" data-element_type=\"column\" data-e-type=\"column\">\n\t\t\t<div class=\"elementor-widget-wrap elementor-element-populated\">\n\t\t\t\t\t\t<section class=\"elementor-section elementor-inner-section elementor-element elementor-element-19234a15 elementor-section-boxed elementor-section-height-default elementor-section-height-default\" data-id=\"19234a15\" data-element_type=\"section\" data-e-type=\"section\">\n\t\t\t\t\t\t<div class=\"elementor-container elementor-column-gap-no\">\n\t\t\t\t\t<div class=\"elementor-column elementor-col-33 elementor-inner-column elementor-element elementor-element-781cadb8\" data-id=\"781cadb8\" data-element_type=\"column\" data-e-type=\"column\">\n\t\t\t<div class=\"elementor-widget-wrap elementor-element-populated\">\n\t\t\t\t\t\t<div class=\"elementor-element elementor-element-4e6204c jkit-equal-height-disable elementor-widget elementor-widget-jkit_icon_box\" data-id=\"4e6204c\" data-element_type=\"widget\" data-e-type=\"widget\" data-widget_type=\"jkit_icon_box.default\">\n\t\t\t\t<div class=\"elementor-widget-container\">\n\t\t\t\t\t<div  class=\"jeg-elementor-kit jkit-icon-box icon-position-left elementor-animation- jeg_module___69fb10e616ee8\" ><div class=\"jkit-icon-box-wrapper hover-from-left\"><div class=\"icon-box icon-box-body\">\n                <h2 class=\"title\">Mission<\/h2><p class=\"icon-box-description\">Transforming customers&#039; dreams and expectations in their leisure or work time into something real and possible, based on agile, efficient, safe and quality service provision.\n<\/p>\n            <\/div>\n            \n            <\/div><\/div>\t\t\t\t<\/div>\n\t\t\t\t<\/div>\n\t\t\t\t\t<\/div>\n\t\t<\/div>\n\t\t\t\t<div class=\"elementor-column elementor-col-33 elementor-inner-column elementor-element elementor-element-768b8d69\" data-id=\"768b8d69\" data-element_type=\"column\" data-e-type=\"column\">\n\t\t\t<div class=\"elementor-widget-wrap elementor-element-populated\">\n\t\t\t\t\t\t<div class=\"elementor-element elementor-element-ebec9fb jkit-equal-height-disable elementor-widget elementor-widget-jkit_icon_box\" data-id=\"ebec9fb\" data-element_type=\"widget\" data-e-type=\"widget\" data-widget_type=\"jkit_icon_box.default\">\n\t\t\t\t<div class=\"elementor-widget-container\">\n\t\t\t\t\t<div  class=\"jeg-elementor-kit jkit-icon-box icon-position-left elementor-animation- jeg_module__1_69fb10e617b95\" ><div class=\"jkit-icon-box-wrapper hover-from-left\"><div class=\"icon-box icon-box-body\">\n                <h2 class=\"title\">Vision<\/h2><p class=\"icon-box-description\">Achieve recognition in the segment, be a reference in accessible and exclusive personalized service, contributing to unforgettable trips and moments for our customers.\n<\/p>\n            <\/div>\n            \n            <\/div><\/div>\t\t\t\t<\/div>\n\t\t\t\t<\/div>\n\t\t\t\t\t<\/div>\n\t\t<\/div>\n\t\t\t\t<div class=\"elementor-column elementor-col-33 elementor-inner-column elementor-element elementor-element-70c5b347\" data-id=\"70c5b347\" data-element_type=\"column\" data-e-type=\"column\">\n\t\t\t<div class=\"elementor-widget-wrap elementor-element-populated\">\n\t\t\t\t\t\t<div class=\"elementor-element elementor-element-9c2634e jkit-equal-height-disable elementor-widget elementor-widget-jkit_icon_box\" data-id=\"9c2634e\" data-element_type=\"widget\" data-e-type=\"widget\" data-widget_type=\"jkit_icon_box.default\">\n\t\t\t\t<div class=\"elementor-widget-container\">\n\t\t\t\t\t<div  class=\"jeg-elementor-kit jkit-icon-box icon-position-left elementor-animation- jeg_module__2_69fb10e618769\" ><div class=\"jkit-icon-box-wrapper hover-from-left\"><div class=\"icon-box icon-box-body\">\n                <h2 class=\"title\">Values<\/h2><p class=\"icon-box-description\">Ethics, transparency, trust, commitment and respect for the customer.<\/p>\n            <\/div>\n            \n            <\/div><\/div>\t\t\t\t<\/div>\n\t\t\t\t<\/div>\n\t\t\t\t\t<\/div>\n\t\t<\/div>\n\t\t\t\t\t<\/div>\n\t\t<\/section>\n\t\t\t\t\t<\/div>\n\t\t<\/div>\n\t\t\t\t\t<\/div>\n\t\t<\/section>\n\t\t\t\t<\/div>","protected":false},"excerpt":{"rendered":"<p>Home Por 11 anos, a Renata Monica Viagens se destacou no mercado de turismo, conquistando reconhecimento pela qualidade no atendimento e pela cria\u00e7\u00e3o de experi\u00eancias inesquec\u00edveis. Com 25 anos de expertise no setor, consolidou-se como refer\u00eancia em viagens de lazer, oferecendo pacotes nacionais e internacionais para grupos e viajantes individuais, al\u00e9m de roteiros personalizados (forfait) [&hellip;]<\/p>\n","protected":false},"author":1,"featured_media":0,"parent":0,"menu_order":0,"comment_status":"closed","ping_status":"closed","template":"","meta":{"_acf_changed":false,"footnotes":""},"class_list":["post-659","page","type-page","status-publish","hentry"],"acf":[],"aioseo_notices":[],"_links":{"self":[{"href":"https:\/\/riccaviagens.com.br\/en\/wp-json\/wp\/v2\/pages\/659","targetHints":{"allow":["GET"]}}],"collection":[{"href":"https:\/\/riccaviagens.com.br\/en\/wp-json\/wp\/v2\/pages"}],"about":[{"href":"https:\/\/riccaviagens.com.br\/en\/wp-json\/wp\/v2\/types\/page"}],"author":[{"embeddable":true,"href":"https:\/\/riccaviagens.com.br\/en\/wp-json\/wp\/v2\/users\/1"}],"replies":[{"embeddable":true,"href":"https:\/\/riccaviagens.com.br\/en\/wp-json\/wp\/v2\/comments?post=659"}],"version-history":[{"count":21,"href":"https:\/\/riccaviagens.com.br\/en\/wp-json\/wp\/v2\/pages\/659\/revisions"}],"predecessor-version":[{"id":11026,"href":"https:\/\/riccaviagens.com.br\/en\/wp-json\/wp\/v2\/pages\/659\/revisions\/11026"}],"wp:attachment":[{"href":"https:\/\/riccaviagens.com.br\/en\/wp-json\/wp\/v2\/media?parent=659"}],"curies":[{"name":"wp","href":"https:\/\/api.w.org\/{rel}","templated":true}]}}