{"id":9878,"date":"2024-01-31T09:52:37","date_gmt":"2024-01-31T12:52:37","guid":{"rendered":"https:\/\/renatamonicaviagens.com.br\/?page_id=9878"},"modified":"2024-01-31T10:02:59","modified_gmt":"2024-01-31T13:02:59","slug":"politica-de-privacidade","status":"publish","type":"page","link":"https:\/\/riccaviagens.com.br\/de\/politica-de-privacidade\/","title":{"rendered":"Datenschutzrichtlinie"},"content":{"rendered":"<div data-elementor-type=\"wp-page\" data-elementor-id=\"9878\" class=\"elementor elementor-9878\" data-elementor-post-type=\"page\">\n\t\t\t\t\t\t<section class=\"elementor-section elementor-top-section elementor-element elementor-element-2e940a8 elementor-section-boxed elementor-section-height-default elementor-section-height-default\" data-id=\"2e940a8\" data-element_type=\"section\" data-e-type=\"section\" data-settings=\"{&quot;background_background&quot;:&quot;classic&quot;}\">\n\t\t\t\t\t\t\t<div class=\"elementor-background-overlay\"><\/div>\n\t\t\t\t\t\t\t<div class=\"elementor-container elementor-column-gap-no\">\n\t\t\t\t\t<div class=\"elementor-column elementor-col-100 elementor-top-column elementor-element elementor-element-14bc2ed\" data-id=\"14bc2ed\" data-element_type=\"column\" data-e-type=\"column\">\n\t\t\t<div class=\"elementor-widget-wrap elementor-element-populated\">\n\t\t\t\t\t\t<section class=\"elementor-section elementor-inner-section elementor-element elementor-element-4b1764e elementor-section-boxed elementor-section-height-default elementor-section-height-default\" data-id=\"4b1764e\" data-element_type=\"section\" data-e-type=\"section\">\n\t\t\t\t\t\t<div class=\"elementor-container elementor-column-gap-no\">\n\t\t\t\t\t<div class=\"elementor-column elementor-col-100 elementor-inner-column elementor-element elementor-element-42e5923\" data-id=\"42e5923\" data-element_type=\"column\" data-e-type=\"column\">\n\t\t\t<div class=\"elementor-widget-wrap elementor-element-populated\">\n\t\t\t\t\t\t<div class=\"elementor-element elementor-element-26e4265 elementor-icon-list--layout-inline elementor-widget__width-auto elementor-list-item-link-full_width elementor-widget elementor-widget-icon-list\" data-id=\"26e4265\" data-element_type=\"widget\" data-e-type=\"widget\" data-widget_type=\"icon-list.default\">\n\t\t\t\t<div class=\"elementor-widget-container\">\n\t\t\t\t\t\t\t<ul class=\"elementor-icon-list-items elementor-inline-items\">\n\t\t\t\t\t\t\t<li class=\"elementor-icon-list-item elementor-inline-item\">\n\t\t\t\t\t\t\t\t\t\t<span class=\"elementor-icon-list-text\">Heim<\/span>\n\t\t\t\t\t\t\t\t\t<\/li>\n\t\t\t\t\t\t\t\t<li class=\"elementor-icon-list-item elementor-inline-item\">\n\t\t\t\t\t\t\t\t\t\t\t<span class=\"elementor-icon-list-icon\">\n\t\t\t\t\t\t\t<svg aria-hidden=\"true\" class=\"e-font-icon-svg e-fas-chevron-circle-right\" viewbox=\"0 0 512 512\" xmlns=\"http:\/\/www.w3.org\/2000\/svg\"><path d=\"M256 8c137 0 248 111 248 248S393 504 256 504 8 393 8 256 119 8 256 8zm113.9 231L234.4 103.5c-9.4-9.4-24.6-9.4-33.9 0l-17 17c-9.4 9.4-9.4 24.6 0 33.9L285.1 256 183.5 357.6c-9.4 9.4-9.4 24.6 0 33.9l17 17c9.4 9.4 24.6 9.4 33.9 0L369.9 273c9.4-9.4 9.4-24.6 0-34z\"><\/path><\/svg>\t\t\t\t\t\t<\/span>\n\t\t\t\t\t\t\t\t\t\t<span class=\"elementor-icon-list-text\"><\/span>\n\t\t\t\t\t\t\t\t\t<\/li>\n\t\t\t\t\t\t<\/ul>\n\t\t\t\t\t\t<\/div>\n\t\t\t\t<\/div>\n\t\t\t\t\t<\/div>\n\t\t<\/div>\n\t\t\t\t\t<\/div>\n\t\t<\/section>\n\t\t\t\t\t<\/div>\n\t\t<\/div>\n\t\t\t\t\t<\/div>\n\t\t<\/section>\n\t\t\t\t<section class=\"elementor-section elementor-top-section elementor-element elementor-element-2a6e0acf elementor-section-boxed elementor-section-height-default elementor-section-height-default\" data-id=\"2a6e0acf\" data-element_type=\"section\" data-e-type=\"section\">\n\t\t\t\t\t\t<div class=\"elementor-container elementor-column-gap-no\">\n\t\t\t\t\t<div class=\"elementor-column elementor-col-100 elementor-top-column elementor-element elementor-element-5e42c996\" data-id=\"5e42c996\" data-element_type=\"column\" data-e-type=\"column\">\n\t\t\t<div class=\"elementor-widget-wrap elementor-element-populated\">\n\t\t\t\t\t\t<div class=\"elementor-element elementor-element-3b8cbed9 elementor-widget elementor-widget-text-editor\" data-id=\"3b8cbed9\" data-element_type=\"widget\" data-e-type=\"widget\" data-widget_type=\"text-editor.default\">\n\t\t\t\t<div class=\"elementor-widget-container\">\n\t\t\t\t\t\t\t\t\t\n<p>Renata M\u00f4nica Viagens, mit Sitz in Rua Haroldo Cavalcanti 360, SL 305, Recreio, Rio de Janeiro\/RJ, CNPJ: 34.631.245\/0001-39, legt gro\u00dfen Wert auf die Privatsph\u00e4re der Nutzer unserer Website. Mit dieser Richtlinie soll klargestellt werden, wie wir die von Ihnen bei der Nutzung unserer Online-Dienste bereitgestellten personenbezogenen Daten erfassen, verwenden, offenlegen und sch\u00fctzen.<\/p>\n<h5><strong>1. Informationssammlung<\/strong><\/h5>\n<p>Renata M\u00f4nica Viagens erhebt personenbezogene Daten ausschlie\u00dflich \u00fcber das auf unserer Website verf\u00fcgbare Kontaktformular. Zu den abgefragten Informationen geh\u00f6ren Vorname, Nachname und E-Mail-Adresse. Wir betonen, dass wir keine sensiblen Informationen wie Finanz- oder Kreditkartendaten erfassen, da wir keine Online-Finanztransaktionen anbieten.<\/p>\n\n<p>Dar\u00fcber hinaus verwenden wir Cookies, um die Benutzererfahrung zu verbessern und zu verstehen, wie unsere Website genutzt wird. Cookies sind kleine Textdateien, die auf Ihrem Ger\u00e4t gespeichert werden, um ein pers\u00f6nlicheres Erlebnis zu erm\u00f6glichen.<\/p>\n\n<h5><strong>2. Nutzung der Informationen<\/strong><\/h5>\n\n<p>Die erhobenen Informationen werden ausschlie\u00dflich f\u00fcr folgende Zwecke verwendet:<\/p>\n\n<ul class=\"wp-block-list\">\n<li>Beantworten Sie Fragen und W\u00fcnsche, die \u00fcber das Kontaktformular gestellt werden.<\/li>\n\n<li>Personalisieren Sie das Benutzererlebnis und optimieren Sie die Website-Leistung.<\/li>\n\n<li>Verbessern Sie unsere Dienstleistungen und bieten Sie relevante Inhalte an.<\/li>\n<\/ul>\n\n<h5><strong>3. Informationsaustausch<\/strong><\/h5>\n\n<p>Wir betonen, dass wir Ihre pers\u00f6nlichen Daten nicht an Dritte weitergeben, verkaufen oder vermieten. Ihre Daten werden von Renata M\u00f4nica Viagens nur f\u00fcr die in dieser Richtlinie genannten Zwecke verwendet.<\/p>\n\n<h5><strong>4. Cookies<\/strong><\/h5>\n\n<p>Durch die Nutzung unserer Website stimmen Sie der Verwendung von Cookies zu. Mithilfe von Cookies k\u00f6nnen wir die Funktionalit\u00e4t und Personalisierung der Website verbessern und Metriken f\u00fcr die Leistungsanalyse bereitstellen. Wenn Sie sich daf\u00fcr entscheiden, Cookies in Ihrem Browser zu deaktivieren, beachten Sie bitte, dass dies Auswirkungen auf die Funktionalit\u00e4t der Website haben kann.<\/p>\n\n<h5><strong>5. Sicherheit<\/strong><\/h5>\n\n<p>Wir ergreifen strenge Sicherheitsma\u00dfnahmen, um Ihre pers\u00f6nlichen Daten vor unbefugtem Zugriff, \u00c4nderung, unbefugter Offenlegung oder Zerst\u00f6rung zu sch\u00fctzen.<\/p>\n\n<h5><strong>6. \u00c4nderungen der Datenschutzrichtlinie<\/strong><\/h5>\n\n<p>Renata M\u00f4nica Viagens beh\u00e4lt sich das Recht vor, diese Datenschutzrichtlinie jederzeit zu aktualisieren. Wir empfehlen Benutzern, die hierin enthaltenen Informationen regelm\u00e4\u00dfig zu \u00fcberpr\u00fcfen, um sich dar\u00fcber zu informieren, wie wir ihre Daten sch\u00fctzen.<\/p>\n\n<h5><strong>7. Kontakt<\/strong><\/h5>\n\n<p>Wenn Sie Fragen zu dieser Datenschutzrichtlinie haben oder die Entfernung Ihrer Daten aus unseren Aufzeichnungen beantragen m\u00f6chten, kontaktieren Sie uns bitte \u00fcber das auf unserer Website verf\u00fcgbare Formular oder per E-Mail <a href=\"mailto:contato@renatamonicaviagens.com.br\">contato@renatamonicaviagens.com.br<\/a>.<\/p>\n\n<p>Diese Datenschutzrichtlinie gilt ab dem 1. Februar 2024.<\/p>\n\n<p>Letzte Aktualisierung: 31. Januar 2024.<\/p>\n\t\t\t\t\t\t\t\t<\/div>\n\t\t\t\t<\/div>\n\t\t\t\t\t<\/div>\n\t\t<\/div>\n\t\t\t\t\t<\/div>\n\t\t<\/section>\n\t\t\t\t<\/div>","protected":false},"excerpt":{"rendered":"<p>Home A Renata M\u00f4nica Viagens, localizada na Rua Haroldo Cavalcanti 360, SL 305, Recreio, Rio de Janeiro\/RJ, CNPJ: 34.631.245\/0001-39, valoriza profundamente a privacidade dos usu\u00e1rios de nosso site. Esta pol\u00edtica tem como objetivo esclarecer como coletamos, utilizamos, divulgamos e protegemos as informa\u00e7\u00f5es pessoais fornecidas durante a utiliza\u00e7\u00e3o de nossos servi\u00e7os online. 1. Coleta de Informa\u00e7\u00f5es [&hellip;]<\/p>\n","protected":false},"author":1,"featured_media":0,"parent":0,"menu_order":0,"comment_status":"closed","ping_status":"closed","template":"","meta":{"_acf_changed":false,"footnotes":""},"class_list":["post-9878","page","type-page","status-publish","hentry"],"acf":[],"aioseo_notices":[],"_links":{"self":[{"href":"https:\/\/riccaviagens.com.br\/de\/wp-json\/wp\/v2\/pages\/9878","targetHints":{"allow":["GET"]}}],"collection":[{"href":"https:\/\/riccaviagens.com.br\/de\/wp-json\/wp\/v2\/pages"}],"about":[{"href":"https:\/\/riccaviagens.com.br\/de\/wp-json\/wp\/v2\/types\/page"}],"author":[{"embeddable":true,"href":"https:\/\/riccaviagens.com.br\/de\/wp-json\/wp\/v2\/users\/1"}],"replies":[{"embeddable":true,"href":"https:\/\/riccaviagens.com.br\/de\/wp-json\/wp\/v2\/comments?post=9878"}],"version-history":[{"count":8,"href":"https:\/\/riccaviagens.com.br\/de\/wp-json\/wp\/v2\/pages\/9878\/revisions"}],"predecessor-version":[{"id":9887,"href":"https:\/\/riccaviagens.com.br\/de\/wp-json\/wp\/v2\/pages\/9878\/revisions\/9887"}],"wp:attachment":[{"href":"https:\/\/riccaviagens.com.br\/de\/wp-json\/wp\/v2\/media?parent=9878"}],"curies":[{"name":"wp","href":"https:\/\/api.w.org\/{rel}","templated":true}]}}