{"id":659,"date":"2024-01-04T16:28:52","date_gmt":"2024-01-04T19:28:52","guid":{"rendered":"https:\/\/renatamonicaviagens.com.br\/v2\/?page_id=659"},"modified":"2025-12-05T08:35:00","modified_gmt":"2025-12-05T11:35:00","slug":"quem-somos","status":"publish","type":"page","link":"https:\/\/riccaviagens.com.br\/de\/quem-somos\/","title":{"rendered":"Wer wir sind"},"content":{"rendered":"<div data-elementor-type=\"wp-page\" data-elementor-id=\"659\" class=\"elementor elementor-659\" data-elementor-post-type=\"page\">\n\t\t\t\t\t\t<section class=\"elementor-section elementor-top-section elementor-element elementor-element-6a3849ce elementor-section-boxed elementor-section-height-default elementor-section-height-default\" data-id=\"6a3849ce\" data-element_type=\"section\" data-e-type=\"section\" data-settings=\"{&quot;background_background&quot;:&quot;classic&quot;}\">\n\t\t\t\t\t\t\t<div class=\"elementor-background-overlay\"><\/div>\n\t\t\t\t\t\t\t<div class=\"elementor-container elementor-column-gap-no\">\n\t\t\t\t\t<div class=\"elementor-column elementor-col-100 elementor-top-column elementor-element elementor-element-7a56c8d8\" data-id=\"7a56c8d8\" data-element_type=\"column\" data-e-type=\"column\">\n\t\t\t<div class=\"elementor-widget-wrap elementor-element-populated\">\n\t\t\t\t\t\t<section class=\"elementor-section elementor-inner-section elementor-element elementor-element-8055e88 elementor-section-boxed elementor-section-height-default elementor-section-height-default\" data-id=\"8055e88\" data-element_type=\"section\" data-e-type=\"section\">\n\t\t\t\t\t\t<div class=\"elementor-container elementor-column-gap-no\">\n\t\t\t\t\t<div class=\"elementor-column elementor-col-100 elementor-inner-column elementor-element elementor-element-41624f78\" data-id=\"41624f78\" data-element_type=\"column\" data-e-type=\"column\">\n\t\t\t<div class=\"elementor-widget-wrap elementor-element-populated\">\n\t\t\t\t\t\t<div class=\"elementor-element elementor-element-e3c2991 elementor-icon-list--layout-inline elementor-widget__width-auto elementor-list-item-link-full_width elementor-widget elementor-widget-icon-list\" data-id=\"e3c2991\" data-element_type=\"widget\" data-e-type=\"widget\" data-widget_type=\"icon-list.default\">\n\t\t\t\t<div class=\"elementor-widget-container\">\n\t\t\t\t\t\t\t<ul class=\"elementor-icon-list-items elementor-inline-items\">\n\t\t\t\t\t\t\t<li class=\"elementor-icon-list-item elementor-inline-item\">\n\t\t\t\t\t\t\t\t\t\t<span class=\"elementor-icon-list-text\">Heim<\/span>\n\t\t\t\t\t\t\t\t\t<\/li>\n\t\t\t\t\t\t\t\t<li class=\"elementor-icon-list-item elementor-inline-item\">\n\t\t\t\t\t\t\t\t\t\t\t<span class=\"elementor-icon-list-icon\">\n\t\t\t\t\t\t\t<svg aria-hidden=\"true\" class=\"e-font-icon-svg e-fas-chevron-circle-right\" viewbox=\"0 0 512 512\" xmlns=\"http:\/\/www.w3.org\/2000\/svg\"><path d=\"M256 8c137 0 248 111 248 248S393 504 256 504 8 393 8 256 119 8 256 8zm113.9 231L234.4 103.5c-9.4-9.4-24.6-9.4-33.9 0l-17 17c-9.4 9.4-9.4 24.6 0 33.9L285.1 256 183.5 357.6c-9.4 9.4-9.4 24.6 0 33.9l17 17c9.4 9.4 24.6 9.4 33.9 0L369.9 273c9.4-9.4 9.4-24.6 0-34z\"><\/path><\/svg>\t\t\t\t\t\t<\/span>\n\t\t\t\t\t\t\t\t\t\t<span class=\"elementor-icon-list-text\"><\/span>\n\t\t\t\t\t\t\t\t\t<\/li>\n\t\t\t\t\t\t<\/ul>\n\t\t\t\t\t\t<\/div>\n\t\t\t\t<\/div>\n\t\t\t\t\t<\/div>\n\t\t<\/div>\n\t\t\t\t\t<\/div>\n\t\t<\/section>\n\t\t\t\t\t<\/div>\n\t\t<\/div>\n\t\t\t\t\t<\/div>\n\t\t<\/section>\n\t\t\t\t<section class=\"elementor-section elementor-top-section elementor-element elementor-element-1ad039f0 elementor-section-boxed elementor-section-height-default elementor-section-height-default\" data-id=\"1ad039f0\" data-element_type=\"section\" data-e-type=\"section\">\n\t\t\t\t\t\t<div class=\"elementor-container elementor-column-gap-no\">\n\t\t\t\t\t<div class=\"elementor-column elementor-col-50 elementor-top-column elementor-element elementor-element-4b9910c8\" data-id=\"4b9910c8\" data-element_type=\"column\" data-e-type=\"column\">\n\t\t\t<div class=\"elementor-widget-wrap elementor-element-populated\">\n\t\t\t\t\t\t<div class=\"elementor-element elementor-element-60dcb7a elementor-widget elementor-widget-image\" data-id=\"60dcb7a\" data-element_type=\"widget\" data-e-type=\"widget\" data-widget_type=\"image.default\">\n\t\t\t\t<div class=\"elementor-widget-container\">\n\t\t\t\t\t\t\t\t\t\t\t\t\t\t\t<img fetchpriority=\"high\" decoding=\"async\" width=\"800\" height=\"180\" src=\"https:\/\/riccaviagens.com.br\/wp-content\/uploads\/2024\/01\/LOGO-RICCA-ROSA2-1024x230.png\" class=\"attachment-large size-large wp-image-10993\" alt=\"\" srcset=\"https:\/\/riccaviagens.com.br\/wp-content\/uploads\/2024\/01\/LOGO-RICCA-ROSA2-1024x230.png 1024w, https:\/\/riccaviagens.com.br\/wp-content\/uploads\/2024\/01\/LOGO-RICCA-ROSA2-300x67.png 300w, https:\/\/riccaviagens.com.br\/wp-content\/uploads\/2024\/01\/LOGO-RICCA-ROSA2-768x173.png 768w, https:\/\/riccaviagens.com.br\/wp-content\/uploads\/2024\/01\/LOGO-RICCA-ROSA2-1536x345.png 1536w, https:\/\/riccaviagens.com.br\/wp-content\/uploads\/2024\/01\/LOGO-RICCA-ROSA2-2048x460.png 2048w, https:\/\/riccaviagens.com.br\/wp-content\/uploads\/2024\/01\/LOGO-RICCA-ROSA2-18x4.png 18w\" sizes=\"(max-width: 800px) 100vw, 800px\" \/>\t\t\t\t\t\t\t\t\t\t\t\t\t\t\t<\/div>\n\t\t\t\t<\/div>\n\t\t\t\t<div class=\"elementor-element elementor-element-29233690 elementor-widget elementor-widget-text-editor\" data-id=\"29233690\" data-element_type=\"widget\" data-e-type=\"widget\" data-widget_type=\"text-editor.default\">\n\t\t\t\t<div class=\"elementor-widget-container\">\n\t\t\t\t\t\t\t\t\t<p data-start=\"167\" data-end=\"617\">Elf Jahre lang, <strong data-start=\"182\" data-end=\"207\">Renata Monica Reisen<\/strong> Das Unternehmen hat sich im Tourismusmarkt einen Namen gemacht und Anerkennung f\u00fcr seine Servicequalit\u00e4t und die Schaffung unvergesslicher Erlebnisse erlangt. Mit 25 Jahren Branchenerfahrung gilt es als Ma\u00dfstab im Freizeitreisesektor und bietet nationale und internationale Pauschalreisen f\u00fcr Gruppen und Individualreisende sowie individuell gestaltete Reisepakete (Forfaits) an, die die W\u00fcnsche jedes Kunden in einzigartige Momente verwandeln.<\/p><p data-start=\"619\" data-end=\"1013\">Nun schlagen wir einen neuen Weg in unserer Geschichte ein: Wir pr\u00e4sentieren die <strong data-start=\"680\" data-end=\"697\">Ricca Reisen<\/strong>. Mehr als nur eine Namens\u00e4nderung \u2013 diese Weiterentwicklung spiegelt Modernit\u00e4t, Kundenn\u00e4he und die St\u00e4rke einer Marke wider, die mit ihren Kunden w\u00e4chst. Wir bewahren unsere Kernwerte \u2013 Exzellenz, Exklusivit\u00e4t und Liebe zum Detail \u2013 aber mit einer erneuerten Identit\u00e4t, um auch weiterhin Tr\u00e4ume in unvergessliche Erlebnisse zu verwandeln.<\/p>\t\t\t\t\t\t\t\t<\/div>\n\t\t\t\t<\/div>\n\t\t\t\t<div class=\"elementor-element elementor-element-58d153f8 elementor-widget elementor-widget-spacer\" data-id=\"58d153f8\" data-element_type=\"widget\" data-e-type=\"widget\" data-widget_type=\"spacer.default\">\n\t\t\t\t<div class=\"elementor-widget-container\">\n\t\t\t\t\t\t\t<div class=\"elementor-spacer\">\n\t\t\t<div class=\"elementor-spacer-inner\"><\/div>\n\t\t<\/div>\n\t\t\t\t\t\t<\/div>\n\t\t\t\t<\/div>\n\t\t\t\t\t<\/div>\n\t\t<\/div>\n\t\t\t\t<div class=\"elementor-column elementor-col-50 elementor-top-column elementor-element elementor-element-4ffa53b8\" data-id=\"4ffa53b8\" data-element_type=\"column\" data-e-type=\"column\">\n\t\t\t<div class=\"elementor-widget-wrap elementor-element-populated\">\n\t\t\t\t\t\t<div class=\"elementor-element elementor-element-5750bf9b elementor-widget__width-initial elementor-widget-tablet__width-inherit elementor-widget elementor-widget-spacer\" data-id=\"5750bf9b\" data-element_type=\"widget\" data-e-type=\"widget\" data-widget_type=\"spacer.default\">\n\t\t\t\t<div class=\"elementor-widget-container\">\n\t\t\t\t\t\t\t<div class=\"elementor-spacer\">\n\t\t\t<div class=\"elementor-spacer-inner\"><\/div>\n\t\t<\/div>\n\t\t\t\t\t\t<\/div>\n\t\t\t\t<\/div>\n\t\t\t\t<div class=\"elementor-element elementor-element-d7d4971 elementor-widget elementor-widget-text-editor\" data-id=\"d7d4971\" data-element_type=\"widget\" data-e-type=\"widget\" data-widget_type=\"text-editor.default\">\n\t\t\t\t<div class=\"elementor-widget-container\">\n\t\t\t\t\t\t\t\t\tWer ist Monikinha?\t\t\t\t\t\t\t\t<\/div>\n\t\t\t\t<\/div>\n\t\t\t\t<div class=\"elementor-element elementor-element-73255a7 elementor-widget elementor-widget-text-editor\" data-id=\"73255a7\" data-element_type=\"widget\" data-e-type=\"widget\" data-widget_type=\"text-editor.default\">\n\t\t\t\t<div class=\"elementor-widget-container\">\n\t\t\t\t\t\t\t\t\t<p>Ich glaubte, dass meine Geschichte mit dem Tourismus begonnen hatte, als ich Anfang 2000, nachdem ich gerade meinen Abschluss in Wirtschaftswissenschaften gemacht hatte und vom Finanzmarkt und den Banken, bei denen ich arbeitete, bereits entt\u00e4uscht war, von einem Freund eingeladen wurde, ihm bei einem Ausflug zu helfen das der Stadtrat \u00e4lteren Bewohnern anbot.<\/p><p>Ich freute mich \u00fcber die Einladung und ging, um ihm zu helfen. tats\u00e4chlich Dienstleistungen f\u00fcr eine Agentur erbringen, die damals f\u00fcr das Rathaus arbeitete.<\/p><p>Meine erste Gruppe ging in die Stadt S\u00e3o Louren\u00e7o in MG, wir bildeten etwa 50 oder mehr Gruppen und ich fand die Erfahrung unglaublich.<\/p><p>Da ich davon \u00fcberzeugt war, dass ich mit meinem Abschluss als Wirtschaftswissenschaftler bereits in der Lage war, in diesem Markt zu arbeiten, sprach ich mit der Inhaberin der Agentur und sie sagte mir, dass ich einen Abschluss in Tourismus machen m\u00fcsse. Ohne lange nachzudenken, schrieb ich mich f\u00fcr den Kurs in Rio de Janeiro ein und ging zum Studium\u2026<\/p><p>Aber wenn ich ein wenig zur\u00fcckblicke, erkenne ich, dass meine Liebe zum Reisen begann, als ich noch klein war, an Bord einer gelben Chevette. Mein Vater nahm unsere Familie immer dann mit, wenn er frei hatte, auf Kurztrips, und meine Mutter bereitete das Styropor mit verschiedenen K\u00f6stlichkeiten usw. zu Leckerbissen, denn wir gehen gl\u00fccklich auf die Stra\u00dfe.<\/p><p>Und so bin ich seit meiner Kindheit mit einer Liebe zum Reisen aufgewachsen und deshalb immer auf der Suche nach einem neuen Reiseziel ...<\/p>\t\t\t\t\t\t\t\t<\/div>\n\t\t\t\t<\/div>\n\t\t\t\t\t<\/div>\n\t\t<\/div>\n\t\t\t\t\t<\/div>\n\t\t<\/section>\n\t\t\t\t<section class=\"elementor-section elementor-top-section elementor-element elementor-element-6b1c8a21 elementor-section-boxed elementor-section-height-default elementor-section-height-default\" data-id=\"6b1c8a21\" data-element_type=\"section\" data-e-type=\"section\">\n\t\t\t\t\t\t<div class=\"elementor-container elementor-column-gap-no\">\n\t\t\t\t\t<div class=\"elementor-column elementor-col-100 elementor-top-column elementor-element elementor-element-4ff2b10\" data-id=\"4ff2b10\" data-element_type=\"column\" data-e-type=\"column\">\n\t\t\t<div class=\"elementor-widget-wrap elementor-element-populated\">\n\t\t\t\t\t\t<section class=\"elementor-section elementor-inner-section elementor-element elementor-element-19234a15 elementor-section-boxed elementor-section-height-default elementor-section-height-default\" data-id=\"19234a15\" data-element_type=\"section\" data-e-type=\"section\">\n\t\t\t\t\t\t<div class=\"elementor-container elementor-column-gap-no\">\n\t\t\t\t\t<div class=\"elementor-column elementor-col-33 elementor-inner-column elementor-element elementor-element-781cadb8\" data-id=\"781cadb8\" data-element_type=\"column\" data-e-type=\"column\">\n\t\t\t<div class=\"elementor-widget-wrap elementor-element-populated\">\n\t\t\t\t\t\t<div class=\"elementor-element elementor-element-4e6204c jkit-equal-height-disable elementor-widget elementor-widget-jkit_icon_box\" data-id=\"4e6204c\" data-element_type=\"widget\" data-e-type=\"widget\" data-widget_type=\"jkit_icon_box.default\">\n\t\t\t\t<div class=\"elementor-widget-container\">\n\t\t\t\t\t<div  class=\"jeg-elementor-kit jkit-icon-box icon-position-left elementor-animation- jeg_module___69fb10a0c09dd\" ><div class=\"jkit-icon-box-wrapper hover-from-left\"><div class=\"icon-box icon-box-body\">\n                <h2 class=\"title\">Mission<\/h2><p class=\"icon-box-description\">Die Tr\u00e4ume und Erwartungen der Kunden in ihrer Freizeit oder bei der Arbeit in etwas Reales und M\u00f6gliches umsetzen, basierend auf einer agilen, effizienten, sicheren und qualitativ hochwertigen Servicebereitstellung.\n<\/p>\n            <\/div>\n            \n            <\/div><\/div>\t\t\t\t<\/div>\n\t\t\t\t<\/div>\n\t\t\t\t\t<\/div>\n\t\t<\/div>\n\t\t\t\t<div class=\"elementor-column elementor-col-33 elementor-inner-column elementor-element elementor-element-768b8d69\" data-id=\"768b8d69\" data-element_type=\"column\" data-e-type=\"column\">\n\t\t\t<div class=\"elementor-widget-wrap elementor-element-populated\">\n\t\t\t\t\t\t<div class=\"elementor-element elementor-element-ebec9fb jkit-equal-height-disable elementor-widget elementor-widget-jkit_icon_box\" data-id=\"ebec9fb\" data-element_type=\"widget\" data-e-type=\"widget\" data-widget_type=\"jkit_icon_box.default\">\n\t\t\t\t<div class=\"elementor-widget-container\">\n\t\t\t\t\t<div  class=\"jeg-elementor-kit jkit-icon-box icon-position-left elementor-animation- jeg_module__1_69fb10a0c15fe\" ><div class=\"jkit-icon-box-wrapper hover-from-left\"><div class=\"icon-box icon-box-body\">\n                <h2 class=\"title\">Vision<\/h2><p class=\"icon-box-description\">Erreichen Sie Anerkennung in diesem Segment, seien Sie eine Referenz f\u00fcr zug\u00e4nglichen und exklusiven personalisierten Service und tragen Sie zu unvergesslichen Reisen und Momenten f\u00fcr unsere Kunden bei.\n<\/p>\n            <\/div>\n            \n            <\/div><\/div>\t\t\t\t<\/div>\n\t\t\t\t<\/div>\n\t\t\t\t\t<\/div>\n\t\t<\/div>\n\t\t\t\t<div class=\"elementor-column elementor-col-33 elementor-inner-column elementor-element elementor-element-70c5b347\" data-id=\"70c5b347\" data-element_type=\"column\" data-e-type=\"column\">\n\t\t\t<div class=\"elementor-widget-wrap elementor-element-populated\">\n\t\t\t\t\t\t<div class=\"elementor-element elementor-element-9c2634e jkit-equal-height-disable elementor-widget elementor-widget-jkit_icon_box\" data-id=\"9c2634e\" data-element_type=\"widget\" data-e-type=\"widget\" data-widget_type=\"jkit_icon_box.default\">\n\t\t\t\t<div class=\"elementor-widget-container\">\n\t\t\t\t\t<div  class=\"jeg-elementor-kit jkit-icon-box icon-position-left elementor-animation- jeg_module__2_69fb10a0c2168\" ><div class=\"jkit-icon-box-wrapper hover-from-left\"><div class=\"icon-box icon-box-body\">\n                <h2 class=\"title\">Werte<\/h2><p class=\"icon-box-description\">Ethik, Transparenz, Vertrauen, Engagement und Respekt gegen\u00fcber dem Kunden.<\/p>\n            <\/div>\n            \n            <\/div><\/div>\t\t\t\t<\/div>\n\t\t\t\t<\/div>\n\t\t\t\t\t<\/div>\n\t\t<\/div>\n\t\t\t\t\t<\/div>\n\t\t<\/section>\n\t\t\t\t\t<\/div>\n\t\t<\/div>\n\t\t\t\t\t<\/div>\n\t\t<\/section>\n\t\t\t\t<\/div>","protected":false},"excerpt":{"rendered":"<p>Home Por 11 anos, a Renata Monica Viagens se destacou no mercado de turismo, conquistando reconhecimento pela qualidade no atendimento e pela cria\u00e7\u00e3o de experi\u00eancias inesquec\u00edveis. Com 25 anos de expertise no setor, consolidou-se como refer\u00eancia em viagens de lazer, oferecendo pacotes nacionais e internacionais para grupos e viajantes individuais, al\u00e9m de roteiros personalizados (forfait) [&hellip;]<\/p>\n","protected":false},"author":1,"featured_media":0,"parent":0,"menu_order":0,"comment_status":"closed","ping_status":"closed","template":"","meta":{"_acf_changed":false,"footnotes":""},"class_list":["post-659","page","type-page","status-publish","hentry"],"acf":[],"aioseo_notices":[],"_links":{"self":[{"href":"https:\/\/riccaviagens.com.br\/de\/wp-json\/wp\/v2\/pages\/659","targetHints":{"allow":["GET"]}}],"collection":[{"href":"https:\/\/riccaviagens.com.br\/de\/wp-json\/wp\/v2\/pages"}],"about":[{"href":"https:\/\/riccaviagens.com.br\/de\/wp-json\/wp\/v2\/types\/page"}],"author":[{"embeddable":true,"href":"https:\/\/riccaviagens.com.br\/de\/wp-json\/wp\/v2\/users\/1"}],"replies":[{"embeddable":true,"href":"https:\/\/riccaviagens.com.br\/de\/wp-json\/wp\/v2\/comments?post=659"}],"version-history":[{"count":21,"href":"https:\/\/riccaviagens.com.br\/de\/wp-json\/wp\/v2\/pages\/659\/revisions"}],"predecessor-version":[{"id":11026,"href":"https:\/\/riccaviagens.com.br\/de\/wp-json\/wp\/v2\/pages\/659\/revisions\/11026"}],"wp:attachment":[{"href":"https:\/\/riccaviagens.com.br\/de\/wp-json\/wp\/v2\/media?parent=659"}],"curies":[{"name":"wp","href":"https:\/\/api.w.org\/{rel}","templated":true}]}}